{"id":984,"date":"2018-10-31T12:00:29","date_gmt":"2018-10-31T12:00:29","guid":{"rendered":"https:\/\/rudisfootwear.com\/?page_id=984"},"modified":"2019-03-31T23:13:53","modified_gmt":"2019-03-31T23:13:53","slug":"sobre","status":"publish","type":"page","link":"https:\/\/rudisfootwear.com\/pt\/sobre\/","title":{"rendered":"Sobre"},"content":{"rendered":"<section class=\"wpb-content-wrapper\">[vc_row thb_full_width=&#8221;true&#8221; thb_row_padding=&#8221;true&#8221; thb_column_padding=&#8221;true&#8221; full_height=&#8221;yes&#8221; content_placement=&#8221;middle&#8221; thb_scroll_bottom=&#8221;true&#8221; thb_scroll_bottom_style=&#8221;style3&#8243; thb_scroll_bottom_color=&#8221;light&#8221; css=&#8221;.vc_custom_1539469886761{padding-top: 20px !important;padding-right: 20px !important;padding-bottom: 20px !important;padding-left: 20px !important;background-position: center !important;background-repeat: no-repeat !important;background-size: cover !important;}&#8221; el_class=&#8221;about-main-row&#8221;][vc_column][vc_row_inner content_placement=&#8221;middle&#8221; el_class=&#8221;homepage-main-subblock-1&#8243;][vc_column_inner thb_color=&#8221;thb-light-column&#8221; el_class=&#8221;about-main-column-1&#8243;]\t<div id=\"thb-slidetype-69eb869f26025\" class=\"thb-slidetype about-main-slogan\" data-style=\"style1\">\n\t\t\n<h1><span class=\"thb-slidetype-entry\"><span class=\"lines\">E horas antes era apenas um esbo\u00e7o...<\/span><\/span><\/h1>\n\t\t\t<\/div>\n\n\t\t<div id=\"thb-slidetype-69eb869f2609e\" class=\"thb-slidetype homepage-main-description\" data-style=\"style1\">\n\t\t\n<h5><span class=\"thb-slidetype-entry\"><span class=\"lines\">A Rudis foi fundada em 1993 por Manuel Oliveira na pequena aldeia de Arada em Portugal. Gradualmente ao longo dos anos, confirmou-se como uma das f\u00e1bricas de refer\u00eancia na ind\u00fastria do cal\u00e7ado para homens e mulheres - n\u00e3o s\u00f3 em Portugal, mas tamb\u00e9m a n\u00edvel internacional.<\/span><\/span><\/h5>\n\t\t\t<\/div>\n\n\t[\/vc_column_inner][\/vc_row_inner][\/vc_column][\/vc_row][vc_row thb_full_width=&#8221;true&#8221; thb_row_padding=&#8221;true&#8221; thb_column_padding=&#8221;true&#8221; css=&#8221;.vc_custom_1539449367794{padding-top: 20px !important;padding-right: 20px !important;padding-bottom: 20px !important;padding-left: 20px !important;background: #ffec94 url(https:\/\/rudisfootwear.com\/wp-content\/uploads\/2018\/10\/Shoes-11.jpg?id=377) !important;}&#8221; el_class=&#8221;about-history-row&#8221;][vc_column][vc_row_inner el_class=&#8221;about-about-excerpt-row&#8221;][vc_column_inner thb_color=&#8221;thb-light-column&#8221; el_class=&#8221;about-history-column-1&#8243; width=&#8221;1\/2&#8243;]\t<div id=\"thb-slidetype-69eb869f260d8\" class=\"thb-slidetype about-history-title\" data-style=\"style1\">\n\t\t\n<h2><span class=\"thb-slidetype-entry\"><span class=\"lines\">A Nossa Hist\u00f3ria<\/span><\/span><\/h2>\n\t\t\t\t<style>\n\t\t\t#thb-slidetype-69eb869f260d8 .thb-slidetype-entry {\n\t\t\t\tcolor: #a3601c;\n\t\t\t}\n\t\t<\/style>\n\t\t\t<\/div>\n\n\t[vc_column_text animation=&#8221;animation bottom-to-top&#8221; el_class=&#8221;about-history-excerpt&#8221;]A Rudis foi fundada em 1993 por Manuel Oliveira na pequena aldeia de Arada em Portugal. Gradualmente ao longo dos anos, confirmou-se como uma das f\u00e1bricas de refer\u00eancia na ind\u00fastria do cal\u00e7ado para homens e mulheres &#8211; n\u00e3o s\u00f3 em Portugal, mas tamb\u00e9m a n\u00edvel internacional.<\/p>\n<p>A empresa iniciou o seu neg\u00f3cio com uma equipa de 6 funcion\u00e1rios e dedicou-se exclusivamente \u00e0 produ\u00e7\u00e3o de mocassins e sapatos de vela durante os primeiros anos da sua actividade comercial. As nossas primeiras encomendas foram destinadas exclusivamente para o mercado portugu\u00eas.<\/p>\n<p>No entanto, uma mudan\u00e7a de paradigma do mercado ocorreu na \u00faltima d\u00e9cada e a Rudis come\u00e7ou a apostar numa estrat\u00e9gia de exporta\u00e7\u00e3o com os seus primeiros clientes no estrangeiro, particularmente na Holanda e em Fran\u00e7a. Essa abordagem prosseguiu nos mercados escandinavo, alem\u00e3o e brit\u00e2nico.<\/p>\n<p>Entretanto, a f\u00e1brica melhorou a sua flexibilidade introduzindo a produ\u00e7\u00e3o de t\u00e9nis e outros tipos de desenvolvimento de cal\u00e7ado a curto prazo para atingir diferentes p\u00fablicos.<\/p>\n<p>Hoje empregando 25 trabalhadores como resultado do seu crescimento cont\u00ednuo e sustentado, a Rudis tem vindo a desenvolver projectos muito interessantes do zero com marcas de cal\u00e7ado hoje bem reconhecidas.<\/p>\n<p>O nosso vasto e heterog\u00e9neo portef\u00f3lio \u00e9 um sinal claro da qualidade do nosso know-how em desenvolvimento e produ\u00e7\u00e3o.<\/p>\n<p>Portanto, o lema \u00e9 dar prioridade m\u00e1xima ao trabalho de qualidade em detrimento da quantidade. Aqueles que nos procuram buscam essencialmente um produto que se destaque pela excelente excel\u00eancia das mat\u00e9rias-primas, os processos de produ\u00e7\u00e3o artesanais e os acabamentos com grande cuidado para manter um bom produto final.[\/vc_column_text][\/vc_column_inner][vc_column_inner el_class=&#8221;about-history-column-2&#8243; width=&#8221;1\/2&#8243; animation=&#8221;animation bottom-to-top&#8221;][vc_raw_html]JTNDZGl2JTIwY2xhc3MlM0QlMjJhYm91dC1hYm91dC1pbWFnZS1ibG9jayUyMiUyMCUzRSUwQSUzQ2ltZyUyMGNsYXNzJTNEJTIyYWJvdXQtYWJvdXQtaW1hZ2UlMjIlMjBzcmMlM0QlMjJodHRwcyUzQSUyRiUyRnJlcy5jbG91ZGluYXJ5LmNvbSUyRnJ1ZGlzZm9vdHdlYXIlMkZpbWFnZSUyRnVwbG9hZCUyRnYxNTQ5MDQ3MTAzJTJGUnVkaXMlMkZBYm91dCUyRkNhcmQucG5nJTIyJTIwYWx0JTNEJTIyQ2FyZCUyMiUzRSUwQSUzQyUyRmRpdiUzRQ==[\/vc_raw_html][\/vc_column_inner][\/vc_row_inner][\/vc_column][\/vc_row][vc_row thb_full_width=&#8221;true&#8221; thb_row_padding=&#8221;true&#8221; thb_column_padding=&#8221;true&#8221; css=&#8221;.vc_custom_1539449309977{padding-top: 20px !important;padding-right: 20px !important;padding-bottom: 20px !important;padding-left: 20px !important;}&#8221; el_class=&#8221;about-message-row&#8221;][vc_column]\t<div id=\"thb-slidetype-69eb869f26118\" class=\"thb-slidetype about-message-title\" data-style=\"style1\">\n\t\t\n<h2><span class=\"thb-slidetype-entry\"><span class=\"lines\">Mensagem do Fundador<\/span><\/span><\/h2>\n\t\t\t<\/div>\n\n\t[vc_row_inner el_class=&#8221;about-history-columns&#8221;][vc_column_inner el_class=&#8221;about-message-column-1&#8243; width=&#8221;1\/2&#8243; animation=&#8221;animation bottom-to-top&#8221;][vc_column_text el_class=&#8221;about-message-text-1&#8243;]Travanca, Vila da Feira, 1972: Portugal vivia tempos dif\u00edceis e estava \u00e0 v\u00e9spera de uma revolu\u00e7\u00e3o pol\u00edtica e social. A vida era dura, o dinheiro era escasso e as pessoas viviam de maneira simples e humilde.<\/p>\n<p>Fui for\u00e7ado a sair da escola muito cedo. Qualquer ajuda monet\u00e1ria que meus pais pudessem receber seria extremamente importante para manter a vida em casa est\u00e1vel, pac\u00edfica e o mais calma poss\u00edvel. Portanto, era um menino de 11 anos quando comecei a trabalhar numa f\u00e1brica de sapatos, onde estava respons\u00e1vel por fazer pequenas tarefas.<\/p>\n<p>Quatro anos mais tarde, a f\u00e1brica fechou e tive que encontrar um novo emprego. Pouco depois, arranjei um lugar numa nova f\u00e1brica. Cheguei muito motivado e cheio de vontade de aprender, melhorar e ir mais longe na minha carreira. L\u00e1, passei incont\u00e1veis horas no final de cada dia de trabalho, aprendendo sozinho para aprimorar a minha t\u00e9cnica e conhecimento no campo do cal\u00e7ado.<\/p>\n<p>Gra\u00e7as a este esfor\u00e7o autodidata, finalmente chegou o dia em que consegui fazer o meu pr\u00f3prio par de sapatos, desde a modela\u00e7\u00e3o at\u00e9 ao acabamento.<\/p>\n<p>Sempre tive a sorte de ter chefes que gostavam de mim e reconheciam a habilidade com a qual eu desempenhava as minhas fun\u00e7\u00f5es, o que me deixou ainda mais apaixonado pela profiss\u00e3o.<\/p>\n<p>Aprendi muito l\u00e1. Tanto que, aos 18 anos, fui convidado para assumir a linha de montagem. Iria ter cerca de 20 funcion\u00e1rios sob a minha responsabilidade. Fiquei com muito orgulho na minha nova posi\u00e7\u00e3o e agarrei a oportunidade com as duas m\u00e3os, assumindo as exig\u00eancias das novas fun\u00e7\u00f5es com o maior comprometimento.<\/p>\n<p>Mas eu n\u00e3o queria ficar l\u00e1 para sempre. Durante este tempo, eu alimentava o sonho de ter minha pr\u00f3pria empresa e esse sonho nunca me deixou at\u00e9 que se tornar realidade.<\/p>\n<p>Em 1992 e at\u00e9 que nossas instala\u00e7\u00f5es fossem finalmente constru\u00eddas, eu colaborei num projeto de parceria com outro sapateiro. Um ano depois, a Rudis iniciou sua atividade.[\/vc_column_text][\/vc_column_inner][vc_column_inner el_class=&#8221;about-message-column-2&#8243; width=&#8221;1\/2&#8243; animation=&#8221;animation bottom-to-top&#8221;][vc_column_text el_class=&#8221;about-message-text-2&#8243;]Durante o per\u00edodo inicial da empresa, houve muitos altos e baixos porque o mercado mundial de cal\u00e7ado era muito inconsistente e, por vezes, ca\u00f3tico.<\/p>\n<p>No entanto, com uma estrutura simples de m\u00e1quinas e uma pequena equipa de pessoas treinadas e prontas para trabalhar, a Rudis iniciou o seu caminho e enfrentou as adversidades iniciais criando uma linha s\u00f3lida de mocassins, que era o melhor tipo de cal\u00e7ado que poder\u00edamos fabricar naquela \u00e9poca. Come\u00e7amos por vender os nossos sapatos no mercado nacional para o qual ainda trabalhamos e somos reconhecidos pela qualidade do nosso fabrico.<\/p>\n<p>Ao longo dos anos, a Rudis tornou-se cada vez mais flex\u00edvel para atender \u00e0s \u00faltimas tend\u00eancias e dar resposta aos mercados emergentes introduzindo novos tipos de cal\u00e7ado que n\u00e3o costum\u00e1vamos fazer, como botas e mais recentemente sneakers e outros sapatos desportivos com sistema de constru\u00e7\u00e3o Montado ou Strobel. Tamb\u00e9m cri\u00e1mos as nossas pr\u00f3prias marcas, que s\u00e3o vendidas em v\u00e1rios mercados.<\/p>\n<p>A nossa qualidade e adaptabilidade permitiu-nos atrair novos clientes para o mercado externo. Atualmente, a exporta\u00e7\u00e3o corresponde a 95% do nosso volume de produ\u00e7\u00e3o e receitas, e estamos a produzir cal\u00e7ado para diferentes e prestigiadas marcas internacionais.<\/p>\n<p>J\u00e1 acumulei mais de 40 anos de experi\u00eancia a transformar esbo\u00e7os de sapatos em papel em cal\u00e7ado f\u00edsico real e de alta qualidade. A melhor parte deste trabalho \u00e9 a liberdade de criar, de passar um modelo do papel para produto final. Sempre sigo de perto a produ\u00e7\u00e3o. E no final pego num sapato de verdade com as minhas pr\u00f3prias m\u00e3os, que horas antes era apenas um esbo\u00e7o.<\/p>\n<p>A paix\u00e3o pelo cal\u00e7ado diferencia-nos. E isso \u00e9 algo que nunca podemos esquecer&#8230;[\/vc_column_text][vc_column_text el_class=&#8221;about-message-name&#8221;]\n<p style=\"text-align: right;\"><em>Manuel Oliveira<\/em><\/p>\n[\/vc_column_text][vc_column_text el_class=&#8221;about-message-role&#8221;]\n<p style=\"text-align: right;\"><em>Fundador e Propriet\u00e1rio da Rudis<\/em><\/p>\n[\/vc_column_text][\/vc_column_inner][\/vc_row_inner][\/vc_column][\/vc_row]\n<\/section>","protected":false},"excerpt":{"rendered":"<p>[vc_row thb_full_width=&#8221;true&#8221; thb_row_padding=&#8221;true&#8221; thb_column_padding=&#8221;true&#8221; full_height=&#8221;yes&#8221; content_placement=&#8221;middle&#8221; thb_scroll_bottom=&#8221;true&#8221; thb_scroll_bottom_style=&#8221;style3&#8243; thb_scroll_bottom_color=&#8221;light&#8221; css=&#8221;.vc_custom_1539469886761{padding-top: 20px !important;padding-right: 20px !important;padding-bottom: 20px !important;padding-left: 20px !important;background-position: center !important;background-repeat: no-repeat !important;background-size: cover !important;}&#8221; el_class=&#8221;about-main-row&#8221;][vc_column][vc_row_inner content_placement=&#8221;middle&#8221; el_class=&#8221;homepage-main-subblock-1&#8243;][vc_column_inner thb_color=&#8221;thb-light-column&#8221; el_class=&#8221;about-main-column-1&#8243;][\/vc_column_inner][\/vc_row_inner][\/vc_column][\/vc_row][vc_row thb_full_width=&#8221;true&#8221; thb_row_padding=&#8221;true&#8221; thb_column_padding=&#8221;true&#8221; css=&#8221;.vc_custom_1539449367794{padding-top: 20px !important;padding-right: 20px !important;padding-bottom: 20px !important;padding-left: 20px !important;background: #ffec94 url(https:\/\/rudisfootwear.com\/wp-content\/uploads\/2018\/10\/Shoes-11.jpg?id=377) !important;}&#8221; el_class=&#8221;about-history-row&#8221;][vc_column][vc_row_inner el_class=&#8221;about-about-excerpt-row&#8221;][vc_column_inner thb_color=&#8221;thb-light-column&#8221; el_class=&#8221;about-history-column-1&#8243; width=&#8221;1\/2&#8243;][vc_column_text animation=&#8221;animation bottom-to-top&#8221; el_class=&#8221;about-history-excerpt&#8221;]A Rudis foi fundada&hellip;<\/p>\n","protected":false},"author":1,"featured_media":0,"parent":0,"menu_order":0,"comment_status":"closed","ping_status":"closed","template":"","meta":{"footnotes":""},"class_list":["post-984","page","type-page","status-publish","hentry"],"yoast_head":"<!-- This site is optimized with the Yoast SEO Premium plugin v26.2 (Yoast SEO v27.4) - https:\/\/yoast.com\/product\/yoast-seo-premium-wordpress\/ -->\n<title>Sobre - Rudis - F\u00e1brica de Cal\u00e7ado Portuguesa<\/title>\n<meta name=\"description\" content=\"A Rudis foi fundada em 1993 por Manuel Oliveira em Arada, Portugal. Ao longo dos anos, confirmou-se como uma das f\u00e1bricas de cal\u00e7ado de refer\u00eancia.\" \/>\n<meta name=\"robots\" content=\"index, follow, max-snippet:-1, max-image-preview:large, max-video-preview:-1\" \/>\n<link rel=\"canonical\" href=\"https:\/\/rudisfootwear.com\/pt\/sobre\/\" \/>\n<meta property=\"og:locale\" content=\"pt_PT\" \/>\n<meta property=\"og:type\" content=\"article\" \/>\n<meta property=\"og:title\" content=\"Sobre\" \/>\n<meta property=\"og:description\" content=\"A Rudis foi fundada em 1993 por Manuel Oliveira em Arada, Portugal. Ao longo dos anos, confirmou-se como uma das f\u00e1bricas de cal\u00e7ado de refer\u00eancia.\" \/>\n<meta property=\"og:url\" content=\"https:\/\/rudisfootwear.com\/pt\/sobre\/\" \/>\n<meta property=\"og:site_name\" content=\"Rudis - F\u00e1brica de Cal\u00e7ado Portuguesa\" \/>\n<meta property=\"article:modified_time\" content=\"2019-03-31T23:13:53+00:00\" \/>\n<meta name=\"twitter:card\" content=\"summary_large_image\" \/>\n<meta name=\"twitter:label1\" content=\"Tempo estimado de leitura\" \/>\n\t<meta name=\"twitter:data1\" content=\"7 minutos\" \/>\n<script type=\"application\/ld+json\" class=\"yoast-schema-graph\">{\"@context\":\"https:\\\/\\\/schema.org\",\"@graph\":[{\"@type\":\"WebPage\",\"@id\":\"https:\\\/\\\/rudisfootwear.com\\\/pt\\\/sobre\\\/\",\"url\":\"https:\\\/\\\/rudisfootwear.com\\\/pt\\\/sobre\\\/\",\"name\":\"Sobre - Rudis - F\u00e1brica de Cal\u00e7ado Portuguesa\",\"isPartOf\":{\"@id\":\"https:\\\/\\\/rudisfootwear.com\\\/pt\\\/#website\"},\"datePublished\":\"2018-10-31T12:00:29+00:00\",\"dateModified\":\"2019-03-31T23:13:53+00:00\",\"description\":\"A Rudis foi fundada em 1993 por Manuel Oliveira em Arada, Portugal. Ao longo dos anos, confirmou-se como uma das f\u00e1bricas de cal\u00e7ado de refer\u00eancia.\",\"breadcrumb\":{\"@id\":\"https:\\\/\\\/rudisfootwear.com\\\/pt\\\/sobre\\\/#breadcrumb\"},\"inLanguage\":\"pt-PT\",\"potentialAction\":[{\"@type\":\"ReadAction\",\"target\":[\"https:\\\/\\\/rudisfootwear.com\\\/pt\\\/sobre\\\/\"]}]},{\"@type\":\"BreadcrumbList\",\"@id\":\"https:\\\/\\\/rudisfootwear.com\\\/pt\\\/sobre\\\/#breadcrumb\",\"itemListElement\":[{\"@type\":\"ListItem\",\"position\":1,\"name\":\"Home\",\"item\":\"https:\\\/\\\/rudisfootwear.com\\\/pt\\\/\"},{\"@type\":\"ListItem\",\"position\":2,\"name\":\"Sobre\"}]},{\"@type\":\"WebSite\",\"@id\":\"https:\\\/\\\/rudisfootwear.com\\\/pt\\\/#website\",\"url\":\"https:\\\/\\\/rudisfootwear.com\\\/pt\\\/\",\"name\":\"Rudis - F\u00e1brica de Cal\u00e7ado Portuguesa\",\"description\":\"\",\"potentialAction\":[{\"@type\":\"SearchAction\",\"target\":{\"@type\":\"EntryPoint\",\"urlTemplate\":\"https:\\\/\\\/rudisfootwear.com\\\/pt\\\/?s={search_term_string}\"},\"query-input\":{\"@type\":\"PropertyValueSpecification\",\"valueRequired\":true,\"valueName\":\"search_term_string\"}}],\"inLanguage\":\"pt-PT\"}]}<\/script>\n<!-- \/ Yoast SEO Premium plugin. -->","yoast_head_json":{"title":"Sobre - Rudis - F\u00e1brica de Cal\u00e7ado Portuguesa","description":"A Rudis foi fundada em 1993 por Manuel Oliveira em Arada, Portugal. Ao longo dos anos, confirmou-se como uma das f\u00e1bricas de cal\u00e7ado de refer\u00eancia.","robots":{"index":"index","follow":"follow","max-snippet":"max-snippet:-1","max-image-preview":"max-image-preview:large","max-video-preview":"max-video-preview:-1"},"canonical":"https:\/\/rudisfootwear.com\/pt\/sobre\/","og_locale":"pt_PT","og_type":"article","og_title":"Sobre","og_description":"A Rudis foi fundada em 1993 por Manuel Oliveira em Arada, Portugal. Ao longo dos anos, confirmou-se como uma das f\u00e1bricas de cal\u00e7ado de refer\u00eancia.","og_url":"https:\/\/rudisfootwear.com\/pt\/sobre\/","og_site_name":"Rudis - F\u00e1brica de Cal\u00e7ado Portuguesa","article_modified_time":"2019-03-31T23:13:53+00:00","twitter_card":"summary_large_image","twitter_misc":{"Tempo estimado de leitura":"7 minutos"},"schema":{"@context":"https:\/\/schema.org","@graph":[{"@type":"WebPage","@id":"https:\/\/rudisfootwear.com\/pt\/sobre\/","url":"https:\/\/rudisfootwear.com\/pt\/sobre\/","name":"Sobre - Rudis - F\u00e1brica de Cal\u00e7ado Portuguesa","isPartOf":{"@id":"https:\/\/rudisfootwear.com\/pt\/#website"},"datePublished":"2018-10-31T12:00:29+00:00","dateModified":"2019-03-31T23:13:53+00:00","description":"A Rudis foi fundada em 1993 por Manuel Oliveira em Arada, Portugal. Ao longo dos anos, confirmou-se como uma das f\u00e1bricas de cal\u00e7ado de refer\u00eancia.","breadcrumb":{"@id":"https:\/\/rudisfootwear.com\/pt\/sobre\/#breadcrumb"},"inLanguage":"pt-PT","potentialAction":[{"@type":"ReadAction","target":["https:\/\/rudisfootwear.com\/pt\/sobre\/"]}]},{"@type":"BreadcrumbList","@id":"https:\/\/rudisfootwear.com\/pt\/sobre\/#breadcrumb","itemListElement":[{"@type":"ListItem","position":1,"name":"Home","item":"https:\/\/rudisfootwear.com\/pt\/"},{"@type":"ListItem","position":2,"name":"Sobre"}]},{"@type":"WebSite","@id":"https:\/\/rudisfootwear.com\/pt\/#website","url":"https:\/\/rudisfootwear.com\/pt\/","name":"Rudis - F\u00e1brica de Cal\u00e7ado Portuguesa","description":"","potentialAction":[{"@type":"SearchAction","target":{"@type":"EntryPoint","urlTemplate":"https:\/\/rudisfootwear.com\/pt\/?s={search_term_string}"},"query-input":{"@type":"PropertyValueSpecification","valueRequired":true,"valueName":"search_term_string"}}],"inLanguage":"pt-PT"}]}},"_links":{"self":[{"href":"https:\/\/rudisfootwear.com\/pt\/wp-json\/wp\/v2\/pages\/984","targetHints":{"allow":["GET"]}}],"collection":[{"href":"https:\/\/rudisfootwear.com\/pt\/wp-json\/wp\/v2\/pages"}],"about":[{"href":"https:\/\/rudisfootwear.com\/pt\/wp-json\/wp\/v2\/types\/page"}],"author":[{"embeddable":true,"href":"https:\/\/rudisfootwear.com\/pt\/wp-json\/wp\/v2\/users\/1"}],"replies":[{"embeddable":true,"href":"https:\/\/rudisfootwear.com\/pt\/wp-json\/wp\/v2\/comments?post=984"}],"version-history":[{"count":6,"href":"https:\/\/rudisfootwear.com\/pt\/wp-json\/wp\/v2\/pages\/984\/revisions"}],"predecessor-version":[{"id":3386,"href":"https:\/\/rudisfootwear.com\/pt\/wp-json\/wp\/v2\/pages\/984\/revisions\/3386"}],"wp:attachment":[{"href":"https:\/\/rudisfootwear.com\/pt\/wp-json\/wp\/v2\/media?parent=984"}],"curies":[{"name":"wp","href":"https:\/\/api.w.org\/{rel}","templated":true}]}}