{"id":3336,"date":"2019-01-25T17:24:57","date_gmt":"2019-01-25T17:24:57","guid":{"rendered":"https:\/\/rudisfootwear.com\/privacy-policy\/"},"modified":"2019-03-31T23:23:55","modified_gmt":"2019-03-31T23:23:55","slug":"politica-de-privacidade","status":"publish","type":"page","link":"https:\/\/rudisfootwear.com\/pt\/politica-de-privacidade\/","title":{"rendered":"Pol\u00edtica de Privacidade"},"content":{"rendered":"<section class=\"wpb-content-wrapper\">[vc_row thb_full_width=&#8221;true&#8221; thb_row_padding=&#8221;true&#8221; thb_column_padding=&#8221;true&#8221; css=&#8221;.vc_custom_1548558990382{padding-top: 20px !important;padding-right: 20px !important;padding-bottom: 20px !important;padding-left: 20px !important;}&#8221; el_class=&#8221;privacy-content-row&#8221;][vc_column][vc_row_inner el_class=&#8221;privacy-content-row&#8221;][vc_column_inner thb_color=&#8221;thb-light-column&#8221; el_class=&#8221;privacy-content-column-1&#8243; animation=&#8221;animation bottom-to-top&#8221;]\t<div id=\"thb-slidetype-6a07dc10607a6\" class=\"thb-slidetype privacy-content-title\" data-style=\"style1\">\n\t\t\n<h2>Pol\u00edtica de Privacidade<\/h2>\n\t\t\t\t<style>\n\t\t\t#thb-slidetype-6a07dc10607a6 .thb-slidetype-entry {\n\t\t\t\tcolor: #a3601c;\n\t\t\t}\n\t\t<\/style>\n\t\t\t<\/div>\n\n\t[vc_column_text animation=&#8221;animation bottom-to-top&#8221; el_class=&#8221;privacy-content-text&#8221;]Esta <strong>Pol\u00edtica de Privacidade<\/strong> aplica-se quando se visita e navega em <em><strong>www.rudisfootwear.com<\/strong><\/em>. Este documento permite que obter informa\u00e7\u00f5es adicionais sobre o uso que fazemos dos dados pessoais que os utilizadores nos fornecem e dos seus direitos.<\/p>\n<p>A sua privacidade \u00e9 muito importante para n\u00f3s e estamos comprometidos em proteger as suas informa\u00e7\u00f5es pessoais.<\/p>\n<p>Ao utilizar este site, est\u00e1 a aceitar as pr\u00e1ticas descritas nesta Pol\u00edtica de Privacidade. Se n\u00e3o quiser aceit\u00e1-las, por favor, n\u00e3o use este site.<\/p>\n<p>A <strong>Rudis<\/strong> est\u00e1 ciente das preocupa\u00e7\u00f5es que os utilizadores podem ter sobre a confidencialidade das informa\u00e7\u00f5es e dados pessoais que compartilhem com o seu site, e garante que os dados pessoais fornecidos diretamente por eles sejam tratados confidencialmente.<\/p>\n<p>Portanto, processamos os seus dados pessoais com o m\u00e1ximo cuidado e em conformidade com os requisitos estabelecidos pela Comiss\u00e3o Nacional de Protec\u00e7\u00e3o de Dados (CNPD), de acordo com a Lei n.\u00ba 67\/98, datada de 26 de outubro de 1998. N\u00e3o forneceremos dados pessoais a terceiros sem a sua permiss\u00e3o.<\/p>\n<p>Esta declara\u00e7\u00e3o de privacidade foi alterada pela \u00faltima vez em 27 de janeiro de 2019.[\/vc_column_text][\/vc_column_inner][\/vc_row_inner][vc_tta_accordion active_section=&#8221;&#8221; collapsible_all=&#8221;true&#8221;][vc_tta_section title=&#8221;1. Identidade e contatos da entidade que ir\u00e1 gerir os seus dados&#8221; tab_id=&#8221;privacy-policy-1&#8243;][vc_column_text]Os dados recolhidos neste site s\u00e3o processados pela <strong>Rudis &#8211; Cal\u00e7ados, Ind\u00fastria e Com\u00e9rcio, Lda.<\/strong>, uma sociedade por quotas de responsabilidade limitada constitu\u00edda em Portugal sob o n\u00famero de registo 502948027, com sede na Rua do Tamanqueiro, 3885-149 Arada, Portugal.<\/p>\n<p>Todas as informa\u00e7\u00f5es colecionadas neste site s\u00e3o geridas e controladas exclusivamente por n\u00f3s. Oferecemos garantias suficientes em rela\u00e7\u00e3o \u00e0 prote\u00e7\u00e3o das suas informa\u00e7\u00f5es pessoais, garantindo que elas sejam administradas de acordo com a legisla\u00e7\u00e3o vigente em rela\u00e7\u00e3o \u00e0 prote\u00e7\u00e3o de informa\u00e7\u00f5es pessoais, assim como esta Pol\u00edtica de Privacidade.[\/vc_column_text][\/vc_tta_section][vc_tta_section title=&#8221;2. Base jur\u00eddica da legitimidade do processamento de dados&#8221; tab_id=&#8221;privacy-policy-2&#8243;][vc_column_text]Atrav\u00e9s deste site, podemos colecionar dados pessoais compartilhados atrav\u00e9s dos formul\u00e1rios de registo na nossa newsletter e de contacto com o seu consentimento.[\/vc_column_text][\/vc_tta_section][vc_tta_section title=&#8221;3. Prop\u00f3sitos&#8221; tab_id=&#8221;privacy-policy-3&#8243;][vc_column_text]Os seus dados pessoais s\u00e3o colecionados para:<\/p>\n<ul>\n<li>Responder aos seus pedidos no formul\u00e1rio de contacto;<\/li>\n<li>Enviar informa\u00e7\u00f5es sobre os nossos produtos, servi\u00e7os, not\u00edcias e eventos atrav\u00e9s da nossa newsletter.<\/li>\n<\/ul>\n[\/vc_column_text][\/vc_tta_section][vc_tta_section title=&#8221;4. Per\u00edodo de reten\u00e7\u00e3o dos seus dados&#8221; tab_id=&#8221;privacy-policy-4&#8243;][vc_column_text]Os dados colecionados e processados atrav\u00e9s do formul\u00e1rio de contacto ser\u00e3o mantidos somente durante o processamento da sua solicita\u00e7\u00e3o e ap\u00f3s essa fase ser\u00e3o eliminados.[\/vc_column_text][\/vc_tta_section][vc_tta_section title=&#8221;5. Destinat\u00e1rios dos dados&#8221; tab_id=&#8221;privacy-policy-5&#8243;][vc_column_text]As informa\u00e7\u00f5es pessoais fornecidas ser\u00e3o usadas para poder entrar em contacto consigo e fornecer todas as informa\u00e7\u00f5es solicitadas atrav\u00e9s do nosso formul\u00e1rio de contacto.<\/p>\n<p>Os seus dados pessoais nunca ser\u00e3o divulgados a terceiros, excepto em casos especiais, como o cumprimento dos requisitos impostos por lei ou pelas autoridades governamentais ou judiciais competentes.[\/vc_column_text][\/vc_tta_section][vc_tta_section title=&#8221;6. Seguran\u00e7a e confidencialidade dos dados&#8221; tab_id=&#8221;privacy-policy-6&#8243;][vc_column_text]Comprometemo-nos a implementar todas as precau\u00e7\u00f5es necess\u00e1rias para preservar a confidencialidade e seguran\u00e7a dos seus dados pessoais.[\/vc_column_text][\/vc_tta_section][vc_tta_section title=&#8221;7. Cookies&#8221; tab_id=&#8221;privacy-policy-7&#8243;][vc_column_text el_class=&#8221;privacy-content-text-block&#8221;]\n<h4>7.1 Uso de cookies<\/h4>\n<p>Este site usa cookies para permitir que tenha a melhor experi\u00eancia de utilizador.<br \/>\nSe continuar a navegar, estar\u00e1 a dar o seu consentimento para a aceita\u00e7\u00e3o de tais cookies, bem como com a nossa Pol\u00edtica de Cookies.[\/vc_column_text][vc_column_text el_class=&#8221;privacy-content-text-block&#8221;]\n<h4>7.2 O que s\u00e3o cookies?<\/h4>\n<p>As cookies s\u00e3o pequenos arquivos de texto gravados no seu dispositivo quando est\u00e1 a aceder a sites.<br \/>\nElas permitem o armazenamento de um conjunto de informa\u00e7\u00f5es relacionadas com o utilizador, algumas das quais s\u00e3o usadas para reconhec\u00ea-lo em visitas futuras ao nosso site, e outras s\u00e3o usadas para garantir que todos os recursos funcionem adequadamente, melhorando a experi\u00eancia e o desempenho do utilizador no site.<br \/>\nO tipo de informa\u00e7\u00e3o que pode ser analisada usando cookies \u00e9 o seguinte: nome de utilizador, endere\u00e7o de e-mail e senha, endere\u00e7o de protocolo de Internet (IP) usado para se conectar \u00e0 Internet, tipo e vers\u00e3o do navegador, sistema operacional e plataforma usada para a conex\u00e3o, os endere\u00e7os de web (URLs) dos quais ou atrav\u00e9s dos quais o utilizador acedeu e deixou os nossos servi\u00e7os online, e a data e hora de tal atividade, entre outros.<br \/>\nAs cookies do site podem ser desativadas ou geridas a qualquer momento. Para descobrir como fazer isso, v\u00e1 para a \u00e1rea de \u201cAjuda\u201d do seu navegador.<\/p>\n<p><strong>Aviso:<\/strong> \u00e9 importante observar que algumas \u00e1reas do site podem n\u00e3o funcionar corretamente depois que os cookies s\u00e3o desativados.[\/vc_column_text][vc_column_text el_class=&#8221;privacy-content-text-block&#8221;]\n<h4>7.3 Finalidade das cookies<\/h4>\n<p>O uso de cookies otimiza a experi\u00eancia de navega\u00e7\u00e3o do utilizador, permitindo que os dados armazenados melhorem a sua experi\u00eancia no site, aumentando tamb\u00e9m a efici\u00eancia da resposta do endere\u00e7o de web.<br \/>\nPor isso, permitem eliminar algumas a\u00e7\u00f5es repetitivas no site, al\u00e9m de auxiliar na apresenta\u00e7\u00e3o das informa\u00e7\u00f5es, para atender \u00e0s suas necessidades e expectativas.[\/vc_column_text][vc_column_text el_class=&#8221;privacy-content-text-block&#8221;]\n<h4>7.4 Tipos de cookies utilizadas<\/h4>\n<p>As cookies s\u00e3o segmentadas de acordo com a sua finalidade e data de vencimento.<\/p>\n<ul>\n<li><em>Cookies\u00a0<\/em><i>estritamente necess\u00e1rias<\/i> s\u00e3o elementos-chave de acesso a determinadas \u00e1reas do site, como o acesso a \u00e1reas seguras do site atrav\u00e9s de login e senha. Ao desativar as cookies, os mesmos servi\u00e7os podem n\u00e3o ser usados corretamente.<\/li>\n<li><i>Cookies de funcionalidade<\/i> memorizam as prefer\u00eancias de navega\u00e7\u00e3o do utilizador.<\/li>\n<li><em>Cookies\u00a0<\/em><i>anal\u00edticas<\/i> permitem a memoriza\u00e7\u00e3o de como um site \u00e9 navegado, para apresentar produtos ou servi\u00e7os que atendam \u00e0s necessidades e expectativas do utilizador, atrav\u00e9s da monitoriza\u00e7\u00e3o do site. Exemplos destas cookies s\u00e3o aquelas que mant\u00eam as p\u00e1ginas mais visitadas, o tempo em cada p\u00e1gina, os produtos ou servi\u00e7os pesquisados, etc. Essas cookies armazenam informa\u00e7\u00f5es estat\u00edsticas.<\/li>\n<\/ul>\n[\/vc_column_text][vc_column_text el_class=&#8221;privacy-content-text-block&#8221;]\n<h4>7.5 Consentimento do uso de cookies<\/h4>\n<p>Os utilizadores que acedam ao nosso site d\u00e3o o seu consentimento para o uso de cookies atrav\u00e9s da op\u00e7\u00e3o &#8220;OK&#8221; no banner que aparece quando visitam o nosso site pela primeira vez.[\/vc_column_text][\/vc_tta_section][vc_tta_section title=&#8221;8. Newsletter&#8221; tab_id=&#8221;privacy-policy-8&#8243;][vc_column_text]N\u00f3s temos uma newsletter para informar os interessados sobre os nossos produtos, ofertas especiais e promo\u00e7\u00f5es. O seu endere\u00e7o de e-mail ser\u00e1 adicionado \u00e0 lista de subscritores apenas com o seu consentimento expl\u00edcito. Cada newsletter cont\u00e9m um link para cancelar sua subscri\u00e7\u00e3o.[\/vc_column_text][\/vc_tta_section][vc_tta_section title=&#8221;9. Google Analytics&#8221; tab_id=&#8221;privacy-policy-9&#8243;][vc_column_text]N\u00f3s usamos a Google Analytics para acompanhar e obter relat\u00f3rios sobre o comportamento do utilizador no nosso site.<\/p>\n<p>A Google Analytics coleciona o endere\u00e7o de IP atribu\u00eddo ao utilizador na data em que visita o website. S\u00f3 usamos as informa\u00e7\u00f5es que recebemos da Google Analytics para manter e melhorar o desempenho t\u00e9cnico do nosso website. N\u00e3o combinamos as informa\u00e7\u00f5es colecionadas atrav\u00e9s do uso da Google Analytics com informa\u00e7\u00f5es pessoalmente identific\u00e1veis.<\/p>\n<p>As informa\u00e7\u00f5es que colecionamos s\u00e3o em grande parte an\u00f3nimas. O seu endere\u00e7o de IP n\u00e3o \u00e9 explicitamente informado. As informa\u00e7\u00f5es s\u00e3o transmitidas e armazenadas pela Google nos seus servidores nos Estados Unidos.[\/vc_column_text][\/vc_tta_section][vc_tta_section title=&#8221;10. Bot\u00f5es de Redes Sociais&#8221; tab_id=&#8221;privacy-policy-10&#8243;][vc_column_text]O nosso site apresenta bot\u00f5es de redes sociais. Esses bot\u00f5es s\u00e3o usados pelos provedores desses servi\u00e7os para colecionar os seus dados pessoais.[\/vc_column_text][\/vc_tta_section][vc_tta_section title=&#8221;11. Seguran\u00e7a&#8221; tab_id=&#8221;privacy-policy-11&#8243;][vc_column_text]Tomamos medidas de seguran\u00e7a para reduzir o uso indevido e o acesso n\u00e3o autorizado a dados pessoais. Mantemos estat\u00edsticas no nosso site, dando acesso a dados individuais. No entanto, s\u00f3 acedemos a dados individuais na medida do necess\u00e1rio para os prop\u00f3sitos estabelecidos nesta declara\u00e7\u00e3o.[\/vc_column_text][\/vc_tta_section][vc_tta_section title=&#8221;12. Altera\u00e7\u00f5es nesta Declara\u00e7\u00e3o de Privacidade&#8221; tab_id=&#8221;privacy-policy-12&#8243;][vc_column_text]N\u00f3s reservamos o direito de modificar esta declara\u00e7\u00e3o a qualquer momento. Recomendamos que reveja esta declara\u00e7\u00e3o regularmente, para que permane\u00e7a informado sobre quaisquer altera\u00e7\u00f5es.[\/vc_column_text][\/vc_tta_section][vc_tta_section title=&#8221;13. Inspe\u00e7\u00e3o e modifica\u00e7\u00e3o dos seus dados&#8221; tab_id=&#8221;privacy-policy-13&#8243;][vc_column_text]Se tiver alguma d\u00favida sobre a nossa Pol\u00edtica de Privacidade ou desejar rever, modificar ou excluir os seus dados pessoais, envie um e-mail para <em>info@rudisfootwear.com<\/em>.[\/vc_column_text][\/vc_tta_section][\/vc_tta_accordion][\/vc_column][\/vc_row]\n<\/section>","protected":false},"excerpt":{"rendered":"<p>[vc_row thb_full_width=&#8221;true&#8221; thb_row_padding=&#8221;true&#8221; thb_column_padding=&#8221;true&#8221; css=&#8221;.vc_custom_1548558990382{padding-top: 20px !important;padding-right: 20px !important;padding-bottom: 20px !important;padding-left: 20px !important;}&#8221; el_class=&#8221;privacy-content-row&#8221;][vc_column][vc_row_inner el_class=&#8221;privacy-content-row&#8221;][vc_column_inner thb_color=&#8221;thb-light-column&#8221; el_class=&#8221;privacy-content-column-1&#8243; animation=&#8221;animation bottom-to-top&#8221;][vc_column_text animation=&#8221;animation bottom-to-top&#8221; el_class=&#8221;privacy-content-text&#8221;]Esta Pol\u00edtica de Privacidade aplica-se quando se visita e navega em www.rudisfootwear.com. Este documento permite que obter informa\u00e7\u00f5es adicionais sobre o uso que fazemos dos dados pessoais que os utilizadores nos fornecem e dos&hellip;<\/p>\n","protected":false},"author":1,"featured_media":0,"parent":0,"menu_order":0,"comment_status":"closed","ping_status":"closed","template":"","meta":{"footnotes":""},"class_list":["post-3336","page","type-page","status-publish","hentry"],"yoast_head":"<!-- This site is optimized with the Yoast SEO Premium plugin v26.2 (Yoast SEO v27.6) - https:\/\/yoast.com\/product\/yoast-seo-premium-wordpress\/ -->\n<title>Pol\u00edtica de Privacidade - Rudis - F\u00e1brica de Cal\u00e7ado Portuguesa<\/title>\n<meta name=\"description\" content=\"Esta Pol\u00edtica de Privacidade aplica-se quando se visita e navega no nosso website.\" \/>\n<meta name=\"robots\" content=\"index, follow, max-snippet:-1, max-image-preview:large, max-video-preview:-1\" \/>\n<link rel=\"canonical\" href=\"https:\/\/rudisfootwear.com\/pt\/politica-de-privacidade\/\" \/>\n<meta property=\"og:locale\" content=\"pt_PT\" \/>\n<meta property=\"og:type\" content=\"article\" \/>\n<meta property=\"og:title\" content=\"Pol\u00edtica de Privacidade\" \/>\n<meta property=\"og:description\" content=\"Esta Pol\u00edtica de Privacidade aplica-se quando se visita e navega no nosso website.\" \/>\n<meta property=\"og:url\" content=\"https:\/\/rudisfootwear.com\/pt\/politica-de-privacidade\/\" \/>\n<meta property=\"og:site_name\" content=\"Rudis - F\u00e1brica de Cal\u00e7ado Portuguesa\" \/>\n<meta property=\"article:modified_time\" content=\"2019-03-31T23:23:55+00:00\" \/>\n<meta name=\"twitter:card\" content=\"summary_large_image\" \/>\n<meta name=\"twitter:label1\" content=\"Tempo estimado de leitura\" \/>\n\t<meta name=\"twitter:data1\" content=\"8 minutos\" \/>\n<script type=\"application\/ld+json\" class=\"yoast-schema-graph\">{\"@context\":\"https:\\\/\\\/schema.org\",\"@graph\":[{\"@type\":\"WebPage\",\"@id\":\"https:\\\/\\\/rudisfootwear.com\\\/pt\\\/politica-de-privacidade\\\/\",\"url\":\"https:\\\/\\\/rudisfootwear.com\\\/pt\\\/politica-de-privacidade\\\/\",\"name\":\"Pol\u00edtica de Privacidade - Rudis - F\u00e1brica de Cal\u00e7ado Portuguesa\",\"isPartOf\":{\"@id\":\"https:\\\/\\\/rudisfootwear.com\\\/pt\\\/#website\"},\"datePublished\":\"2019-01-25T17:24:57+00:00\",\"dateModified\":\"2019-03-31T23:23:55+00:00\",\"description\":\"Esta Pol\u00edtica de Privacidade aplica-se quando se visita e navega no nosso website.\",\"breadcrumb\":{\"@id\":\"https:\\\/\\\/rudisfootwear.com\\\/pt\\\/politica-de-privacidade\\\/#breadcrumb\"},\"inLanguage\":\"pt-PT\",\"potentialAction\":[{\"@type\":\"ReadAction\",\"target\":[\"https:\\\/\\\/rudisfootwear.com\\\/pt\\\/politica-de-privacidade\\\/\"]}]},{\"@type\":\"BreadcrumbList\",\"@id\":\"https:\\\/\\\/rudisfootwear.com\\\/pt\\\/politica-de-privacidade\\\/#breadcrumb\",\"itemListElement\":[{\"@type\":\"ListItem\",\"position\":1,\"name\":\"Home\",\"item\":\"https:\\\/\\\/rudisfootwear.com\\\/pt\\\/\"},{\"@type\":\"ListItem\",\"position\":2,\"name\":\"Pol\u00edtica de Privacidade\"}]},{\"@type\":\"WebSite\",\"@id\":\"https:\\\/\\\/rudisfootwear.com\\\/pt\\\/#website\",\"url\":\"https:\\\/\\\/rudisfootwear.com\\\/pt\\\/\",\"name\":\"Rudis - F\u00e1brica de Cal\u00e7ado Portuguesa\",\"description\":\"\",\"potentialAction\":[{\"@type\":\"SearchAction\",\"target\":{\"@type\":\"EntryPoint\",\"urlTemplate\":\"https:\\\/\\\/rudisfootwear.com\\\/pt\\\/?s={search_term_string}\"},\"query-input\":{\"@type\":\"PropertyValueSpecification\",\"valueRequired\":true,\"valueName\":\"search_term_string\"}}],\"inLanguage\":\"pt-PT\"}]}<\/script>\n<!-- \/ Yoast SEO Premium plugin. -->","yoast_head_json":{"title":"Pol\u00edtica de Privacidade - Rudis - F\u00e1brica de Cal\u00e7ado Portuguesa","description":"Esta Pol\u00edtica de Privacidade aplica-se quando se visita e navega no nosso website.","robots":{"index":"index","follow":"follow","max-snippet":"max-snippet:-1","max-image-preview":"max-image-preview:large","max-video-preview":"max-video-preview:-1"},"canonical":"https:\/\/rudisfootwear.com\/pt\/politica-de-privacidade\/","og_locale":"pt_PT","og_type":"article","og_title":"Pol\u00edtica de Privacidade","og_description":"Esta Pol\u00edtica de Privacidade aplica-se quando se visita e navega no nosso website.","og_url":"https:\/\/rudisfootwear.com\/pt\/politica-de-privacidade\/","og_site_name":"Rudis - F\u00e1brica de Cal\u00e7ado Portuguesa","article_modified_time":"2019-03-31T23:23:55+00:00","twitter_card":"summary_large_image","twitter_misc":{"Tempo estimado de leitura":"8 minutos"},"schema":{"@context":"https:\/\/schema.org","@graph":[{"@type":"WebPage","@id":"https:\/\/rudisfootwear.com\/pt\/politica-de-privacidade\/","url":"https:\/\/rudisfootwear.com\/pt\/politica-de-privacidade\/","name":"Pol\u00edtica de Privacidade - Rudis - F\u00e1brica de Cal\u00e7ado Portuguesa","isPartOf":{"@id":"https:\/\/rudisfootwear.com\/pt\/#website"},"datePublished":"2019-01-25T17:24:57+00:00","dateModified":"2019-03-31T23:23:55+00:00","description":"Esta Pol\u00edtica de Privacidade aplica-se quando se visita e navega no nosso website.","breadcrumb":{"@id":"https:\/\/rudisfootwear.com\/pt\/politica-de-privacidade\/#breadcrumb"},"inLanguage":"pt-PT","potentialAction":[{"@type":"ReadAction","target":["https:\/\/rudisfootwear.com\/pt\/politica-de-privacidade\/"]}]},{"@type":"BreadcrumbList","@id":"https:\/\/rudisfootwear.com\/pt\/politica-de-privacidade\/#breadcrumb","itemListElement":[{"@type":"ListItem","position":1,"name":"Home","item":"https:\/\/rudisfootwear.com\/pt\/"},{"@type":"ListItem","position":2,"name":"Pol\u00edtica de Privacidade"}]},{"@type":"WebSite","@id":"https:\/\/rudisfootwear.com\/pt\/#website","url":"https:\/\/rudisfootwear.com\/pt\/","name":"Rudis - F\u00e1brica de Cal\u00e7ado Portuguesa","description":"","potentialAction":[{"@type":"SearchAction","target":{"@type":"EntryPoint","urlTemplate":"https:\/\/rudisfootwear.com\/pt\/?s={search_term_string}"},"query-input":{"@type":"PropertyValueSpecification","valueRequired":true,"valueName":"search_term_string"}}],"inLanguage":"pt-PT"}]}},"_links":{"self":[{"href":"https:\/\/rudisfootwear.com\/pt\/wp-json\/wp\/v2\/pages\/3336","targetHints":{"allow":["GET"]}}],"collection":[{"href":"https:\/\/rudisfootwear.com\/pt\/wp-json\/wp\/v2\/pages"}],"about":[{"href":"https:\/\/rudisfootwear.com\/pt\/wp-json\/wp\/v2\/types\/page"}],"author":[{"embeddable":true,"href":"https:\/\/rudisfootwear.com\/pt\/wp-json\/wp\/v2\/users\/1"}],"replies":[{"embeddable":true,"href":"https:\/\/rudisfootwear.com\/pt\/wp-json\/wp\/v2\/comments?post=3336"}],"version-history":[{"count":9,"href":"https:\/\/rudisfootwear.com\/pt\/wp-json\/wp\/v2\/pages\/3336\/revisions"}],"predecessor-version":[{"id":3338,"href":"https:\/\/rudisfootwear.com\/pt\/wp-json\/wp\/v2\/pages\/3336\/revisions\/3338"}],"wp:attachment":[{"href":"https:\/\/rudisfootwear.com\/pt\/wp-json\/wp\/v2\/media?parent=3336"}],"curies":[{"name":"wp","href":"https:\/\/api.w.org\/{rel}","templated":true}]}}