{"id":3334,"date":"2019-01-28T02:03:06","date_gmt":"2019-01-28T02:03:06","guid":{"rendered":"https:\/\/rudisfootwear.com\/terms-and-conditions\/"},"modified":"2019-03-31T23:36:30","modified_gmt":"2019-03-31T23:36:30","slug":"termos-e-condicoes","status":"publish","type":"page","link":"https:\/\/rudisfootwear.com\/pt\/termos-e-condicoes\/","title":{"rendered":"Termos e Condi\u00e7\u00f5es"},"content":{"rendered":"<section class=\"wpb-content-wrapper\">[vc_row thb_full_width=&#8221;true&#8221; thb_row_padding=&#8221;true&#8221; thb_column_padding=&#8221;true&#8221; css=&#8221;.vc_custom_1548640942935{padding-top: 20px !important;padding-right: 20px !important;padding-bottom: 20px !important;padding-left: 20px !important;}&#8221; el_class=&#8221;terms-content-row&#8221;][vc_column][vc_row_inner el_class=&#8221;terms-content-row&#8221;][vc_column_inner thb_color=&#8221;thb-light-column&#8221; el_class=&#8221;privacy-content-column-1&#8243; animation=&#8221;animation bottom-to-top&#8221;]\t<div id=\"thb-slidetype-6a07dc19e91f6\" class=\"thb-slidetype terms-content-title\" data-style=\"style1\">\n\t\t\n<h2>Termos e Condi\u00e7\u00f5es<\/h2>\n\t\t\t\t<style>\n\t\t\t#thb-slidetype-6a07dc19e91f6 .thb-slidetype-entry {\n\t\t\t\tcolor: #a3601c;\n\t\t\t}\n\t\t<\/style>\n\t\t\t<\/div>\n\n\t[vc_column_text animation=&#8221;animation bottom-to-top&#8221; el_class=&#8221;privacy-content-text&#8221;]Bem-vindo \u00e0 <strong>Rudis<\/strong>! Est\u00e1 a ler estes <strong>Termos e Condi\u00e7\u00f5es<\/strong> porque est\u00e1 a navegar no nosso site ou a utilizar os nossos produtos ou servi\u00e7os.<\/p>\n<p>Pode aceder a esta plataforma atrav\u00e9s de um computador, telem\u00f3vel, tablet, consola ou outra tecnologia.<\/p>\n<p>Estes Termos criam um acordo legalmente vinculativo entre si e a Rudis em rela\u00e7\u00e3o ao uso desta plataforma.<\/p>\n<p>Este documento foi alterado pela \u00faltima vez em 27 de janeiro de 2019.[\/vc_column_text][\/vc_column_inner][\/vc_row_inner][vc_tta_accordion active_section=&#8221;&#8221; collapsible_all=&#8221;true&#8221;][vc_tta_section title=&#8221;1. Geral&#8221; tab_id=&#8221;termos-e-condicoes-1&#8243;][vc_column_text]O acesso e uso deste site e dos produtos e servi\u00e7os dispon\u00edveis atrav\u00e9s deste site (coletivamente, os &#8220;Servi\u00e7os&#8221;) est\u00e3o sujeitos aos seguintes termos, condi\u00e7\u00f5es e avisos (os &#8220;Termos de Servi\u00e7o&#8221;). Ao usar os Servi\u00e7os, est\u00e1 a concordar com todos os Termos de Servi\u00e7o, que podem ser atualizados por n\u00f3s periodicamente. Dever\u00e1 verificar esta p\u00e1gina regularmente para tomar conhecimento de quaisquer altera\u00e7\u00f5es que possamos ter feito nos Termos de Servi\u00e7o.<\/p>\n<p>O acesso a este site \u00e9 permitido temporariamente, e reservamos o direito de retirar ou alterar os Servi\u00e7os sem aviso pr\u00e9vio. N\u00f3s n\u00e3o seremos respons\u00e1veis \u200b\u200bse, por qualquer motivo, este site estiver indispon\u00edvel a qualquer momento ou por qualquer per\u00edodo. A qualquer altura, podemos restringir o acesso a algumas partes ou a todo este site.<\/p>\n<p>Este site tamb\u00e9m cont\u00e9m links para outros sites, que n\u00e3o s\u00e3o operados pela Rudis. A Rudis n\u00e3o tem controlo sobre os sites vinculados e n\u00e3o aceita qualquer responsabilidade por eles ou por qualquer perda ou dano que possa surgir do seu uso deles. O seu uso dos sites vinculados estar\u00e1 sujeito aos termos de uso e servi\u00e7o contidos em cada um desses sites.[\/vc_column_text][\/vc_tta_section][vc_tta_section title=&#8221;2. Pol\u00edtica de Privacidade&#8221; tab_id=&#8221;termos-e-condicoes-2&#8243;][vc_column_text]Estamos comprometidos em proteger a sua privacidade online. Temos em considera\u00e7\u00e3o que os utilizadores n\u00e3o queiram que as informa\u00e7\u00f5es pessoais fornecidas sejam distribu\u00eddas indiscriminadamente. Por favor, leia a nossa <a href=\"https:\/\/rudisfootwear.com\/pt\/politica-de-privacidade\/\"><strong>Pol\u00edtica de Privacidade<\/strong><\/a> onde explicamos como colecionamos as informa\u00e7\u00f5es, o que fazemos com elas e que controlos possui.[\/vc_column_text][\/vc_tta_section][vc_tta_section title=&#8221;3. O seu consentimento&#8221; tab_id=&#8221;termos-e-condicoes-3&#8243;][vc_column_text]A <strong>Rudis \u2013 Cal\u00e7ados, Ind\u00fastria e Com\u00e9rcio, Lda.<\/strong> \u00e9\u00a0uma sociedade por quotas de responsabilidade limitada\u00a0constitu\u00edda em Portugal sob o n\u00famero de registo 502948027, com sede na Rua do Tamanqueiro, 3885-149 Arada, Portugal.\u00a0Ao utilizar este site, est\u00e1 a concordar com a obten\u00e7\u00e3o e uso de informa\u00e7\u00f5es de acordo com este documento.[\/vc_column_text][\/vc_tta_section][vc_tta_section title=&#8221;4. Proibi\u00e7\u00f5es&#8221; tab_id=&#8221;termos-e-condicoes-4&#8243;][vc_column_text]O uso indevido deste site \u00e9 proibido. N\u00e3o dever\u00e1:<\/p>\n<ul>\n<li>cometer ou encorajar uma ofensa criminal;<\/li>\n<li>transmitir ou distribuir um v\u00edrus, um Trojan, um worm, uma bomba l\u00f3gica ou publicar qualquer outro material que seja malicioso, tecnologicamente prejudicial, que viole a confian\u00e7a ou de alguma forma ofensivo ou obsceno;<\/li>\n<li>hackear o Servi\u00e7o em qualquer aspecto;<\/li>\n<li>corromper os dados;<\/li>\n<li>causar o transtorno dos outros utilizadores;<\/li>\n<li>infringir os direitos de propriedade de qualquer outra pessoa;<\/li>\n<li>enviar qualquer publicidade n\u00e3o solicitada ou material promocional, comummente referido como &#8220;spam&#8221;;<\/li>\n<li>tentar afetar o desempenho ou a funcionalidade de qualquer instala\u00e7\u00e3o inform\u00e1tica deste ou que seja usada para aceder a este website.<\/li>\n<\/ul>\n<p>A Rudis reportar\u00e1 qualquer viola\u00e7\u00e3o \u00e0s autoridades respons\u00e1veis \u200b\u200bpela aplica\u00e7\u00e3o da lei e revelar-lhes-\u00e1 a sua identidade.<\/p>\n<p>N\u00e3o seremos respons\u00e1veis \u200b\u200bpor qualquer perda ou dano causado por um ataque de nega\u00e7\u00e3o de servi\u00e7o distribu\u00eddo, v\u00edrus ou outro material tecnologicamente perigoso que possa infectar o seu equipamento inform\u00e1tico, programas de computador, dados ou outro material do qual \u00e9 propriet\u00e1rio devido ao seu uso deste site ou ao seu download de qualquer material publicado nele ou em qualquer site vinculado a ele.[\/vc_column_text][\/vc_tta_section][vc_tta_section title=&#8221;5. Propriedade Intelectual, Software e Conte\u00fado&#8221; tab_id=&#8221;termos-e-condicoes-5&#8243;][vc_column_text]Os direitos de propriedade intelectual de todos os softwares e conte\u00fados disponibilizados para si no ou atrav\u00e9s deste site s\u00e3o da propriedade da Rudis ou dos seus licenciadores e s\u00e3o protegidos por leis e tratados de direitos autorais em todo o mundo. Todos esses direitos s\u00e3o reservados pela Rudis e pelos seus licenciadores. Poder\u00e1 armazenar, imprimir e exibir o conte\u00fado fornecido exclusivamente para o seu uso pessoal. N\u00e3o tem permiss\u00e3o para publicar, manipular, distribuir ou reproduzir de qualquer outra forma, em qualquer formato, qualquer conte\u00fado ou c\u00f3pias do conte\u00fado que lhe seja fornecido ou que apare\u00e7a neste site, nem usar tal conte\u00fado em conex\u00e3o com qualquer neg\u00f3cio ou empresa comercial.<\/p>\n<p>N\u00e3o deve modificar, traduzir, fazer engenharia reversa, descompilar, desmontar ou criar trabalhos derivados com base em qualquer software ou documenta\u00e7\u00e3o anexa fornecida pela Rudis ou pelos seus licenciadores. O log\u00f3tipo da Rudis e rudisfootwear.com s\u00e3o marcas registadas pertencentes \u00e0 <strong>Rudis &#8211; Cal\u00e7ados, Ind\u00fastria e Com\u00e9rcio, Lda.<\/strong>. N\u00e3o \u00e9 concedida qualquer licen\u00e7a ou consentimento para utilizar estas marcas de qualquer forma e dever\u00e1 aceitar n\u00e3o utilizar estas marcas ou quaisquer marcas que sejam similares sem a permiss\u00e3o escrita da Rudis.[\/vc_column_text][\/vc_tta_section][vc_tta_section title=&#8221;6. Liga\u00e7\u00f5es para este website&#8221; tab_id=&#8221;termos-e-condicoes-6&#8243;][vc_column_text]Pode aceder \u00e0 nossa p\u00e1gina inicial, desde que o fa\u00e7a de maneira justa e legal e n\u00e3o prejudique a nossa reputa\u00e7\u00e3o ou aproveite-se dela, mas n\u00e3o deve estabelecer um link de modo a sugerir qualquer forma de associa\u00e7\u00e3o, aprova\u00e7\u00e3o ou endosso de nossa parte, onde n\u00e3o existe nenhum.<\/p>\n<p>N\u00e3o deve estabelecer um link em nenhum site que n\u00e3o seja da sua propriedade.<\/p>\n<p>Este site n\u00e3o deve ser enquadrado em nenhum outro site, nem poder\u00e1 criar um link para qualquer parte deste site que n\u00e3o seja a p\u00e1gina inicial. Reservamo-nos o direito de retirar a permiss\u00e3o de vincula\u00e7\u00e3o sem aviso pr\u00e9vio.[\/vc_column_text][\/vc_tta_section][vc_tta_section title=&#8221;7. Isen\u00e7\u00e3o de responsabilidade quanto \u00e0 propriedade de marcas registadas, imagens de personalidades e direitos autorais de terceiros&#8221; tab_id=&#8221;termos-e-condicoes-7&#8243;][vc_column_text]Exceto onde expressamente indicado o contr\u00e1rio, todas as pessoas (incluindo os seus nomes e imagens), marcas registadas de terceiros e imagens de produtos, servi\u00e7os e\/ou locais de terceiros apresentados neste site n\u00e3o s\u00e3o de forma alguma associados, vinculados ou afiliados \u00e0 Rudis e n\u00e3o dever\u00e1 confiar na exist\u00eancia de tal conex\u00e3o ou afilia\u00e7\u00e3o. Quaisquer marcas\/nomes apresentados neste site s\u00e3o propriedade dos respectivos detentores da marca. Quando uma marca comercial ou nome de marca \u00e9 referido, ela \u00e9 usada exclusivamente para descrever ou identificar os produtos e servi\u00e7os e n\u00e3o \u00e9 de forma alguma uma afirma\u00e7\u00e3o de que tais produtos ou servi\u00e7os sejam endossados ou conectados \u00e0 Rudis.[\/vc_column_text][\/vc_tta_section][vc_tta_section title=&#8221;8. Indemniza\u00e7\u00e3o&#8221; tab_id=&#8221;termos-e-condicoes-8&#8243;][vc_column_text]Est\u00e1 a concordar em indemnizar, defender e isentar a Rudis, os seus diretores, executivos, funcion\u00e1rios, consultores, agentes e afiliados de quaisquer reivindica\u00e7\u00f5es, responsabilidades, danos e\/ou custos de terceiros (incluindo, mas n\u00e3o se limitando a honor\u00e1rios legais) decorrente do seu uso deste website ou da sua viola\u00e7\u00e3o dos Termos de Servi\u00e7o.[\/vc_column_text][\/vc_tta_section][vc_tta_section title=&#8221;9. Varia\u00e7\u00e3o&#8221; tab_id=&#8221;termos-e-condicoes-9&#8243;][vc_column_text]A Rudis ter\u00e1 o direito, a seu exclusivo crit\u00e9rio, a qualquer momento e sem aviso pr\u00e9vio de alterar, remover ou alterar os Servi\u00e7os e\/ou qualquer p\u00e1gina deste site.[\/vc_column_text][\/vc_tta_section][vc_tta_section title=&#8221;10. Invalidade&#8221; tab_id=&#8221;termos-e-condicoes-10&#8243;][vc_column_text]Se qualquer parte dos Termos de Servi\u00e7o for inexequ\u00edvel (incluindo qualquer cl\u00e1usula na qual excluamos a nossa responsabilidade perante si), a aplicabilidade de qualquer outra parte dos Termos de Servi\u00e7o n\u00e3o ser\u00e1 afetada, e todas as outras cl\u00e1usulas permanecer\u00e3o em pleno vigor e efeito. Tanto quanto poss\u00edvel, onde qualquer cl\u00e1usula\/sub-cl\u00e1usula ou parte de uma cl\u00e1usula\/sub-cl\u00e1usula possa ser separada para tornar a parte restante v\u00e1lida, a cl\u00e1usula deve ser interpretada de acordo. Alternativamente, concorda que a cl\u00e1usula ser\u00e1 retificada e interpretada de tal maneira que se assemelha ao significado original da cl\u00e1usula\/sub-cl\u00e1usula, conforme permitido por lei.[\/vc_column_text][\/vc_tta_section][vc_tta_section title=&#8221;11. Reclama\u00e7\u00f5es&#8221; tab_id=&#8221;termos-e-condicoes-11&#8243;][vc_column_text]Operamos um procedimento de tratamento de reclama\u00e7\u00f5es que usaremos para tentar resolver disputas quando elas surgirem: informe-nos se tiver alguma reclama\u00e7\u00e3o ou coment\u00e1rio.[\/vc_column_text][\/vc_tta_section][vc_tta_section title=&#8221;12. Ren\u00fancia&#8221; tab_id=&#8221;termos-e-condicoes-12&#8243;][vc_column_text]Se violar estas condi\u00e7\u00f5es e n\u00e3o agirmos, ainda teremos o direito de usar os nossos direitos e recursos em qualquer outra situa\u00e7\u00e3o onde possa estar a violar essas condi\u00e7\u00f5es.[\/vc_column_text][\/vc_tta_section][vc_tta_section title=&#8221;13. Lei Aplic\u00e1vel e Jurisdi\u00e7\u00e3o&#8221; tab_id=&#8221;termos-e-condicoes-13&#8243;][vc_column_text el_class=&#8221;privacy-content-text-block&#8221;]Estes Termos e Condi\u00e7\u00f5es devem ser interpretados de acordo com as leis de Portugal e, no caso de qualquer disputa ou reclama\u00e7\u00e3o associada a estes Termos e Condi\u00e7\u00f5es, essa disputa ou reclama\u00e7\u00e3o estar\u00e1 sujeita \u00e0 jurisdi\u00e7\u00e3o exclusiva dos tribunais portugueses.[\/vc_column_text][vc_column_text el_class=&#8221;privacy-content-text-block&#8221;]\n<h4>13.1 Centro de Arbitragem &#8211; Lei 144\/2015<\/h4>\n<p>Em caso de lit\u00edgio, o consumidor pode recorrer ao Centro Nacional de Informa\u00e7\u00e3o e Arbitragem de Conflitos de Consumo (CNIACC):<\/p>\n<p>Faculdade de Direito da Universidade Nova de Lisboa<\/p>\n<p>Campus de Campolide<\/p>\n<p>1099-032 Lisboa<\/p>\n<p>Telefone: +351 213 847 484<\/p>\n<p>E-mail: cniacc@fd.unl.pt<\/p>\n<p>Para mais informa\u00e7\u00f5es, visite o Portal do Consumidor: <em>www.consumidor.pt<\/em>.[\/vc_column_text][\/vc_tta_section][vc_tta_section title=&#8221;14. Acordo Integral&#8221; tab_id=&#8221;termos-e-condicoes-14&#8243;][vc_column_text]Os Termos de Servi\u00e7o acima constituem o acordo integral entre as partes e substituem todos e quaisquer acordos anteriores e contempor\u00e2neos entre si e a Rudis. Qualquer ren\u00fancia a qualquer disposi\u00e7\u00e3o dos Termos de Servi\u00e7o ser\u00e1 efetiva somente se por escrito e assinada por um diretor da Rudis.[\/vc_column_text][\/vc_tta_section][\/vc_tta_accordion][\/vc_column][\/vc_row]\n<\/section>","protected":false},"excerpt":{"rendered":"<p>[vc_row thb_full_width=&#8221;true&#8221; thb_row_padding=&#8221;true&#8221; thb_column_padding=&#8221;true&#8221; css=&#8221;.vc_custom_1548640942935{padding-top: 20px !important;padding-right: 20px !important;padding-bottom: 20px !important;padding-left: 20px !important;}&#8221; el_class=&#8221;terms-content-row&#8221;][vc_column][vc_row_inner el_class=&#8221;terms-content-row&#8221;][vc_column_inner thb_color=&#8221;thb-light-column&#8221; el_class=&#8221;privacy-content-column-1&#8243; animation=&#8221;animation bottom-to-top&#8221;][vc_column_text animation=&#8221;animation bottom-to-top&#8221; el_class=&#8221;privacy-content-text&#8221;]Bem-vindo \u00e0 Rudis! Est\u00e1 a ler estes Termos e Condi\u00e7\u00f5es porque est\u00e1 a navegar no nosso site ou a utilizar os nossos produtos ou servi\u00e7os. Pode aceder a esta plataforma atrav\u00e9s de um computador,&hellip;<\/p>\n","protected":false},"author":1,"featured_media":0,"parent":0,"menu_order":0,"comment_status":"closed","ping_status":"closed","template":"","meta":{"footnotes":""},"class_list":["post-3334","page","type-page","status-publish","hentry"],"yoast_head":"<!-- This site is optimized with the Yoast SEO Premium plugin v26.2 (Yoast SEO v27.6) - https:\/\/yoast.com\/product\/yoast-seo-premium-wordpress\/ -->\n<title>Termos e Condi\u00e7\u00f5es - Rudis - F\u00e1brica de Cal\u00e7ado Portuguesa<\/title>\n<meta name=\"description\" content=\"Veja os nossos Termos e Condi\u00e7\u00f5es.\" \/>\n<meta name=\"robots\" content=\"index, follow, max-snippet:-1, max-image-preview:large, max-video-preview:-1\" \/>\n<link rel=\"canonical\" href=\"https:\/\/rudisfootwear.com\/pt\/termos-e-condicoes\/\" \/>\n<meta property=\"og:locale\" content=\"pt_PT\" \/>\n<meta property=\"og:type\" content=\"article\" \/>\n<meta property=\"og:title\" content=\"Termos e Condi\u00e7\u00f5es\" \/>\n<meta property=\"og:description\" content=\"Veja os nossos Termos e Condi\u00e7\u00f5es.\" \/>\n<meta property=\"og:url\" content=\"https:\/\/rudisfootwear.com\/pt\/termos-e-condicoes\/\" \/>\n<meta property=\"og:site_name\" content=\"Rudis - F\u00e1brica de Cal\u00e7ado Portuguesa\" \/>\n<meta property=\"article:modified_time\" content=\"2019-03-31T23:36:30+00:00\" \/>\n<meta name=\"twitter:card\" content=\"summary_large_image\" \/>\n<meta name=\"twitter:label1\" content=\"Tempo estimado de leitura\" \/>\n\t<meta name=\"twitter:data1\" content=\"9 minutos\" \/>\n<script type=\"application\/ld+json\" class=\"yoast-schema-graph\">{\"@context\":\"https:\\\/\\\/schema.org\",\"@graph\":[{\"@type\":\"WebPage\",\"@id\":\"https:\\\/\\\/rudisfootwear.com\\\/pt\\\/termos-e-condicoes\\\/\",\"url\":\"https:\\\/\\\/rudisfootwear.com\\\/pt\\\/termos-e-condicoes\\\/\",\"name\":\"Termos e Condi\u00e7\u00f5es - Rudis - F\u00e1brica de Cal\u00e7ado Portuguesa\",\"isPartOf\":{\"@id\":\"https:\\\/\\\/rudisfootwear.com\\\/pt\\\/#website\"},\"datePublished\":\"2019-01-28T02:03:06+00:00\",\"dateModified\":\"2019-03-31T23:36:30+00:00\",\"description\":\"Veja os nossos Termos e Condi\u00e7\u00f5es.\",\"breadcrumb\":{\"@id\":\"https:\\\/\\\/rudisfootwear.com\\\/pt\\\/termos-e-condicoes\\\/#breadcrumb\"},\"inLanguage\":\"pt-PT\",\"potentialAction\":[{\"@type\":\"ReadAction\",\"target\":[\"https:\\\/\\\/rudisfootwear.com\\\/pt\\\/termos-e-condicoes\\\/\"]}]},{\"@type\":\"BreadcrumbList\",\"@id\":\"https:\\\/\\\/rudisfootwear.com\\\/pt\\\/termos-e-condicoes\\\/#breadcrumb\",\"itemListElement\":[{\"@type\":\"ListItem\",\"position\":1,\"name\":\"Home\",\"item\":\"https:\\\/\\\/rudisfootwear.com\\\/pt\\\/\"},{\"@type\":\"ListItem\",\"position\":2,\"name\":\"Termos e Condi\u00e7\u00f5es\"}]},{\"@type\":\"WebSite\",\"@id\":\"https:\\\/\\\/rudisfootwear.com\\\/pt\\\/#website\",\"url\":\"https:\\\/\\\/rudisfootwear.com\\\/pt\\\/\",\"name\":\"Rudis - F\u00e1brica de Cal\u00e7ado Portuguesa\",\"description\":\"\",\"potentialAction\":[{\"@type\":\"SearchAction\",\"target\":{\"@type\":\"EntryPoint\",\"urlTemplate\":\"https:\\\/\\\/rudisfootwear.com\\\/pt\\\/?s={search_term_string}\"},\"query-input\":{\"@type\":\"PropertyValueSpecification\",\"valueRequired\":true,\"valueName\":\"search_term_string\"}}],\"inLanguage\":\"pt-PT\"}]}<\/script>\n<!-- \/ Yoast SEO Premium plugin. -->","yoast_head_json":{"title":"Termos e Condi\u00e7\u00f5es - Rudis - F\u00e1brica de Cal\u00e7ado Portuguesa","description":"Veja os nossos Termos e Condi\u00e7\u00f5es.","robots":{"index":"index","follow":"follow","max-snippet":"max-snippet:-1","max-image-preview":"max-image-preview:large","max-video-preview":"max-video-preview:-1"},"canonical":"https:\/\/rudisfootwear.com\/pt\/termos-e-condicoes\/","og_locale":"pt_PT","og_type":"article","og_title":"Termos e Condi\u00e7\u00f5es","og_description":"Veja os nossos Termos e Condi\u00e7\u00f5es.","og_url":"https:\/\/rudisfootwear.com\/pt\/termos-e-condicoes\/","og_site_name":"Rudis - F\u00e1brica de Cal\u00e7ado Portuguesa","article_modified_time":"2019-03-31T23:36:30+00:00","twitter_card":"summary_large_image","twitter_misc":{"Tempo estimado de leitura":"9 minutos"},"schema":{"@context":"https:\/\/schema.org","@graph":[{"@type":"WebPage","@id":"https:\/\/rudisfootwear.com\/pt\/termos-e-condicoes\/","url":"https:\/\/rudisfootwear.com\/pt\/termos-e-condicoes\/","name":"Termos e Condi\u00e7\u00f5es - Rudis - F\u00e1brica de Cal\u00e7ado Portuguesa","isPartOf":{"@id":"https:\/\/rudisfootwear.com\/pt\/#website"},"datePublished":"2019-01-28T02:03:06+00:00","dateModified":"2019-03-31T23:36:30+00:00","description":"Veja os nossos Termos e Condi\u00e7\u00f5es.","breadcrumb":{"@id":"https:\/\/rudisfootwear.com\/pt\/termos-e-condicoes\/#breadcrumb"},"inLanguage":"pt-PT","potentialAction":[{"@type":"ReadAction","target":["https:\/\/rudisfootwear.com\/pt\/termos-e-condicoes\/"]}]},{"@type":"BreadcrumbList","@id":"https:\/\/rudisfootwear.com\/pt\/termos-e-condicoes\/#breadcrumb","itemListElement":[{"@type":"ListItem","position":1,"name":"Home","item":"https:\/\/rudisfootwear.com\/pt\/"},{"@type":"ListItem","position":2,"name":"Termos e Condi\u00e7\u00f5es"}]},{"@type":"WebSite","@id":"https:\/\/rudisfootwear.com\/pt\/#website","url":"https:\/\/rudisfootwear.com\/pt\/","name":"Rudis - F\u00e1brica de Cal\u00e7ado Portuguesa","description":"","potentialAction":[{"@type":"SearchAction","target":{"@type":"EntryPoint","urlTemplate":"https:\/\/rudisfootwear.com\/pt\/?s={search_term_string}"},"query-input":{"@type":"PropertyValueSpecification","valueRequired":true,"valueName":"search_term_string"}}],"inLanguage":"pt-PT"}]}},"_links":{"self":[{"href":"https:\/\/rudisfootwear.com\/pt\/wp-json\/wp\/v2\/pages\/3334","targetHints":{"allow":["GET"]}}],"collection":[{"href":"https:\/\/rudisfootwear.com\/pt\/wp-json\/wp\/v2\/pages"}],"about":[{"href":"https:\/\/rudisfootwear.com\/pt\/wp-json\/wp\/v2\/types\/page"}],"author":[{"embeddable":true,"href":"https:\/\/rudisfootwear.com\/pt\/wp-json\/wp\/v2\/users\/1"}],"replies":[{"embeddable":true,"href":"https:\/\/rudisfootwear.com\/pt\/wp-json\/wp\/v2\/comments?post=3334"}],"version-history":[{"count":12,"href":"https:\/\/rudisfootwear.com\/pt\/wp-json\/wp\/v2\/pages\/3334\/revisions"}],"predecessor-version":[{"id":3350,"href":"https:\/\/rudisfootwear.com\/pt\/wp-json\/wp\/v2\/pages\/3334\/revisions\/3350"}],"wp:attachment":[{"href":"https:\/\/rudisfootwear.com\/pt\/wp-json\/wp\/v2\/media?parent=3334"}],"curies":[{"name":"wp","href":"https:\/\/api.w.org\/{rel}","templated":true}]}}