{"id":3193,"date":"2019-01-24T18:02:57","date_gmt":"2019-01-24T18:02:57","guid":{"rendered":"https:\/\/rudisfootwear.com\/produtos\/"},"modified":"2019-07-01T17:17:34","modified_gmt":"2019-07-01T17:17:34","slug":"produtos","status":"publish","type":"page","link":"https:\/\/rudisfootwear.com\/pt\/produtos\/","title":{"rendered":"Produtos"},"content":{"rendered":"<section class=\"wpb-content-wrapper\">[vc_row thb_full_width=&#8221;true&#8221; thb_row_padding=&#8221;true&#8221; thb_column_padding=&#8221;true&#8221; full_height=&#8221;yes&#8221; content_placement=&#8221;middle&#8221; thb_scroll_bottom=&#8221;true&#8221; thb_scroll_bottom_style=&#8221;style3&#8243; thb_scroll_bottom_color=&#8221;light&#8221; css=&#8221;.vc_custom_1540087893377{padding-top: 20px !important;padding-right: 20px !important;padding-bottom: 20px !important;padding-left: 20px !important;background-position: center !important;background-repeat: no-repeat !important;background-size: cover !important;}&#8221; el_class=&#8221;products-main-row&#8221;][vc_column][vc_row_inner content_placement=&#8221;middle&#8221; el_class=&#8221;products-main-subblock-1&#8243;][vc_column_inner thb_color=&#8221;thb-light-column&#8221; el_class=&#8221;products-main-column-1&#8243;]\t<div id=\"thb-slidetype-69eb7f3b9ddc2\" class=\"thb-slidetype products-main-slogan\" data-style=\"style1\">\n\t\t\n<h1><span class=\"thb-slidetype-entry\"><span class=\"lines\">Transmitimos a nossa paix\u00e3o para cada produto<\/span><\/span><\/h1>\n\t\t\t<\/div>\n\n\t\t<div id=\"thb-slidetype-69eb7f3b9de3c\" class=\"thb-slidetype products-main-description\" data-style=\"style1\">\n\t\t\n<h5><span class=\"thb-slidetype-entry\"><span class=\"lines\">Combinando as \u00faltimas tend\u00eancias da moda nacional e internacional com a qualidade dos materiais e do fabrico portugu\u00eas, a Rudis desenvolve, produz e comercializa v\u00e1rios e distintos tipos de cal\u00e7ado para homem e senhora, entre os quais se destacam:<\/span><\/span><\/h5>\n\t\t\t<\/div>\n\n\t[\/vc_column_inner][\/vc_row_inner][vc_row_inner el_class=&#8221;products-main-subblock-2&#8243;][vc_column_inner el_class=&#8221;products-main-column-2&#8243;]\t<a id=\"thb-button-69eb7f3b9decc\" class=\"btn style1 small  gradient small-radius animation bottom-to-top products-main-read-button  \" href=\"#produtos\" target=\"_self\" role=\"button\">\n\t\t<span>LER MAIS<\/span>\n\t\t\t<\/a>\n\t\t\t<style>\n\n\t\t\t\t\t\t\t\t\/* Style1 *\/\n\t\t\t\t#thb-button-69eb7f3b9decc.style1 {\n\t\t\t\t\tbackground:rgba(255,255,255,0.1);background:linear-gradient( -135deg,rgba(255,255,255,0.1),rgba(255,255,255,0.1) );\t\t\t\t}\n\t\t\t\t#thb-button-69eb7f3b9decc.style1:after {\n\t\t\t\t\tbackground: rgba(255,255,255,0.1);\n\t\t\t\t}\n\t\t\t\t\t\t\t\t\t\t\t\t\t\t\t\t<\/style>\n\t\t[\/vc_column_inner][\/vc_row_inner][\/vc_column][\/vc_row][vc_row el_class=&#8221;products-products-row&#8221; el_id=&#8221;produtos&#8221;][vc_column el_class=&#8221;products-products-column&#8221;][vc_tta_tabs active_section=&#8221;1&#8243; el_class=&#8221;products-tabs-row&#8221;][vc_tta_section title=&#8221;Sapatos de Vela&#8221; tab_id=&#8221;sapatos-de-vela&#8221; el_class=&#8221;products-boat-row&#8221;][vc_row_inner el_class=&#8221;products-boat-content&#8221;][vc_column_inner el_class=&#8221;products-boat-column-1&#8243;]\t<div id=\"thb-slidetype-69eb7f3b9df1f\" class=\"thb-slidetype products-category-subtitle\" data-style=\"style1\">\n\t\t\n<h2>Sapatos de Vela B\u00e1sicos<\/h2>\n\t\t\t<\/div>\n\n\t[vc_gallery thb_columns=&#8221;small-6 thb-5&#8243; lightbox=&#8221;mfp-gallery&#8221; images=&#8221;8409,8415&#8243; img_size=&#8221;full&#8221; el_class=&#8221;products-boat-gallery&#8221;]\t<div id=\"thb-slidetype-69eb7f3b9e0c4\" class=\"thb-slidetype products-category-subtitle\" data-style=\"style1\">\n\t\t\n<h2>Sapatos de Vela Desportivos<\/h2>\n\t\t\t<\/div>\n\n\t[vc_gallery thb_columns=&#8221;small-6 thb-5&#8243; lightbox=&#8221;mfp-gallery&#8221; images=&#8221;8367&#8243; img_size=&#8221;full&#8221; el_class=&#8221;products-boat-gallery&#8221;][\/vc_column_inner][\/vc_row_inner][\/vc_tta_section][vc_tta_section title=&#8221;Botas&#8221; tab_id=&#8221;botas&#8221; el_class=&#8221;products-boots-row&#8221;][vc_row_inner el_class=&#8221;products-boots-content&#8221;][vc_column_inner el_class=&#8221;products-boots-column-1&#8243;]\t<div id=\"thb-slidetype-69eb7f3b9e11c\" class=\"thb-slidetype products-category-subtitle\" data-style=\"style1\">\n\t\t\n<h2>Botas de Vela<\/h2>\n\t\t\t<\/div>\n\n\t[vc_gallery thb_columns=&#8221;small-6 thb-5&#8243; lightbox=&#8221;mfp-gallery&#8221; images=&#8221;8439&#8243; img_size=&#8221;full&#8221; el_class=&#8221;products-boots-gallery&#8221;]\t<div id=\"thb-slidetype-69eb7f3b9e160\" class=\"thb-slidetype products-category-subtitle\" data-style=\"style1\">\n\t\t\n<h2>Botas Mocassim<\/h2>\n\t\t\t<\/div>\n\n\t[vc_gallery thb_columns=&#8221;small-6 thb-5&#8243; lightbox=&#8221;mfp-gallery&#8221; images=&#8221;8445&#8243; img_size=&#8221;full&#8221; el_class=&#8221;products-boots-gallery&#8221;]\t<div id=\"thb-slidetype-69eb7f3b9e1c4\" class=\"thb-slidetype products-category-subtitle\" data-style=\"style1\">\n\t\t\n<h2>Botas Altas de Mulher<\/h2>\n\t\t\t<\/div>\n\n\t[vc_gallery thb_columns=&#8221;small-6 thb-5&#8243; lightbox=&#8221;mfp-gallery&#8221; images=&#8221;8361&#8243; img_size=&#8221;full&#8221; el_class=&#8221;products-boots-gallery&#8221;][\/vc_column_inner][\/vc_row_inner][\/vc_tta_section][vc_tta_section title=&#8221;Mocassins&#8221; tab_id=&#8221;mocassins&#8221; el_class=&#8221;products-moccasins-row&#8221;][vc_row_inner el_class=&#8221;products-moccasins-content&#8221;][vc_column_inner el_class=&#8221;products-moccasins-column-1&#8243;]\t<div id=\"thb-slidetype-69eb7f3b9e358\" class=\"thb-slidetype products-category-subtitle\" data-style=\"style1\">\n\t\t\n<h2>Mocassins<\/h2>\n\t\t\t<\/div>\n\n\t[vc_gallery thb_columns=&#8221;small-6 thb-5&#8243; lightbox=&#8221;mfp-gallery&#8221; images=&#8221;8343,8349,8355,8421&#8243; img_size=&#8221;full&#8221; el_class=&#8221;products-moccasins-gallery&#8221;][\/vc_column_inner][\/vc_row_inner][\/vc_tta_section][vc_tta_section title=&#8221;Sneakers&#8221; tab_id=&#8221;sneakers&#8221; el_class=&#8221;products-sneakers-row&#8221;][vc_row_inner el_class=&#8221;products-sneakers-content&#8221;][vc_column_inner el_class=&#8221;products-sneakers-column-1&#8243;]\t<div id=\"thb-slidetype-69eb7f3b9e3a5\" class=\"thb-slidetype products-category-subtitle\" data-style=\"style1\">\n\t\t\n<h2>Sneakers Low-Top Desportivos<\/h2>\n\t\t\t<\/div>\n\n\t[vc_gallery thb_columns=&#8221;small-6 thb-5&#8243; lightbox=&#8221;mfp-gallery&#8221; images=&#8221;8312,8403&#8243; img_size=&#8221;full&#8221; el_class=&#8221;products-sneakers-gallery&#8221;]\t<div id=\"thb-slidetype-69eb7f3b9e3eb\" class=\"thb-slidetype products-category-subtitle\" data-style=\"style1\">\n\t\t\n<h2>Sneakers Low-Top com Impress\u00e3o<\/h2>\n\t\t\t<\/div>\n\n\t[vc_gallery thb_columns=&#8221;small-6 thb-5&#8243; lightbox=&#8221;mfp-gallery&#8221; images=&#8221;8457,8469&#8243; img_size=&#8221;full&#8221; el_class=&#8221;products-sneakers-gallery&#8221;]\t<div id=\"thb-slidetype-69eb7f3b9e43a\" class=\"thb-slidetype products-category-subtitle\" data-style=\"style1\">\n\t\t\n<h2>Sneakers Mid-Top Casuais<\/h2>\n\t\t\t<\/div>\n\n\t[vc_gallery thb_columns=&#8221;small-6 thb-5&#8243; lightbox=&#8221;mfp-gallery&#8221; images=&#8221;8337,8373,8385&#8243; img_size=&#8221;full&#8221; el_class=&#8221;products-sneakers-gallery&#8221;]\t<div id=\"thb-slidetype-69eb7f3b9e489\" class=\"thb-slidetype products-category-subtitle\" data-style=\"style1\">\n\t\t\n<h2>Sneakers Mid-Top Chunky<\/h2>\n\t\t\t<\/div>\n\n\t[vc_gallery thb_columns=&#8221;small-6 thb-5&#8243; lightbox=&#8221;mfp-gallery&#8221; images=&#8221;8397&#8243; img_size=&#8221;full&#8221; el_class=&#8221;products-sneakers-gallery&#8221;]\t<div id=\"thb-slidetype-69eb7f3b9e4d4\" class=\"thb-slidetype products-category-subtitle\" data-style=\"style1\">\n\t\t\n<h2>Sneakers High-Top com Impress\u00e3o<\/h2>\n\t\t\t<\/div>\n\n\t[vc_gallery thb_columns=&#8221;small-6 thb-5&#8243; lightbox=&#8221;mfp-gallery&#8221; images=&#8221;8379&#8243; img_size=&#8221;full&#8221; el_class=&#8221;products-sneakers-gallery&#8221;][\/vc_column_inner][\/vc_row_inner][\/vc_tta_section][\/vc_tta_tabs][\/vc_column][\/vc_row]\n<\/section>","protected":false},"excerpt":{"rendered":"<p>[vc_row thb_full_width=&#8221;true&#8221; thb_row_padding=&#8221;true&#8221; thb_column_padding=&#8221;true&#8221; full_height=&#8221;yes&#8221; content_placement=&#8221;middle&#8221; thb_scroll_bottom=&#8221;true&#8221; thb_scroll_bottom_style=&#8221;style3&#8243; thb_scroll_bottom_color=&#8221;light&#8221; css=&#8221;.vc_custom_1540087893377{padding-top: 20px !important;padding-right: 20px !important;padding-bottom: 20px !important;padding-left: 20px !important;background-position: center !important;background-repeat: no-repeat !important;background-size: cover !important;}&#8221; el_class=&#8221;products-main-row&#8221;][vc_column][vc_row_inner content_placement=&#8221;middle&#8221; el_class=&#8221;products-main-subblock-1&#8243;][vc_column_inner thb_color=&#8221;thb-light-column&#8221; el_class=&#8221;products-main-column-1&#8243;][\/vc_column_inner][\/vc_row_inner][vc_row_inner el_class=&#8221;products-main-subblock-2&#8243;][vc_column_inner el_class=&#8221;products-main-column-2&#8243;][\/vc_column_inner][\/vc_row_inner][\/vc_column][\/vc_row][vc_row el_class=&#8221;products-products-row&#8221; el_id=&#8221;produtos&#8221;][vc_column el_class=&#8221;products-products-column&#8221;][vc_tta_tabs active_section=&#8221;1&#8243; el_class=&#8221;products-tabs-row&#8221;][vc_tta_section title=&#8221;Sapatos de Vela&#8221; tab_id=&#8221;sapatos-de-vela&#8221; el_class=&#8221;products-boat-row&#8221;][vc_row_inner el_class=&#8221;products-boat-content&#8221;][vc_column_inner el_class=&#8221;products-boat-column-1&#8243;][vc_gallery thb_columns=&#8221;small-6 thb-5&#8243; lightbox=&#8221;mfp-gallery&#8221; images=&#8221;8409,8415&#8243; img_size=&#8221;full&#8221; el_class=&#8221;products-boat-gallery&#8221;][vc_gallery thb_columns=&#8221;small-6 thb-5&#8243; lightbox=&#8221;mfp-gallery&#8221; images=&#8221;8367&#8243; img_size=&#8221;full&#8221; el_class=&#8221;products-boat-gallery&#8221;][\/vc_column_inner][\/vc_row_inner][\/vc_tta_section][vc_tta_section&hellip;<\/p>\n","protected":false},"author":1,"featured_media":0,"parent":0,"menu_order":0,"comment_status":"closed","ping_status":"closed","template":"","meta":{"footnotes":""},"class_list":["post-3193","page","type-page","status-publish","hentry"],"yoast_head":"<!-- This site is optimized with the Yoast SEO Premium plugin v26.2 (Yoast SEO v27.4) - https:\/\/yoast.com\/product\/yoast-seo-premium-wordpress\/ -->\n<title>Produtos - Rudis - F\u00e1brica de Cal\u00e7ado Portuguesa<\/title>\n<meta name=\"description\" content=\"A nossa f\u00e1brica desenvolve e produz diversos tipos de cal\u00e7ado para homem e mulher, entre os quais se destacam: sapatos de vela, botas, mocassins e sneakers.\" \/>\n<meta name=\"robots\" content=\"index, follow, max-snippet:-1, max-image-preview:large, max-video-preview:-1\" \/>\n<link rel=\"canonical\" href=\"https:\/\/rudisfootwear.com\/pt\/produtos\/\" \/>\n<meta property=\"og:locale\" content=\"pt_PT\" \/>\n<meta property=\"og:type\" content=\"article\" \/>\n<meta property=\"og:title\" content=\"Produtos\" \/>\n<meta property=\"og:description\" content=\"A nossa f\u00e1brica desenvolve e produz diversos tipos de cal\u00e7ado para homem e mulher, entre os quais se destacam: sapatos de vela, botas, mocassins e sneakers.\" \/>\n<meta property=\"og:url\" content=\"https:\/\/rudisfootwear.com\/pt\/produtos\/\" \/>\n<meta property=\"og:site_name\" content=\"Rudis - F\u00e1brica de Cal\u00e7ado Portuguesa\" \/>\n<meta property=\"article:modified_time\" content=\"2019-07-01T17:17:34+00:00\" \/>\n<meta name=\"twitter:card\" content=\"summary_large_image\" \/>\n<meta name=\"twitter:label1\" content=\"Tempo estimado de leitura\" \/>\n\t<meta name=\"twitter:data1\" content=\"3 minutos\" \/>\n<script type=\"application\/ld+json\" class=\"yoast-schema-graph\">{\"@context\":\"https:\\\/\\\/schema.org\",\"@graph\":[{\"@type\":\"WebPage\",\"@id\":\"https:\\\/\\\/rudisfootwear.com\\\/pt\\\/produtos\\\/\",\"url\":\"https:\\\/\\\/rudisfootwear.com\\\/pt\\\/produtos\\\/\",\"name\":\"Produtos - Rudis - F\u00e1brica de Cal\u00e7ado Portuguesa\",\"isPartOf\":{\"@id\":\"https:\\\/\\\/rudisfootwear.com\\\/pt\\\/#website\"},\"datePublished\":\"2019-01-24T18:02:57+00:00\",\"dateModified\":\"2019-07-01T17:17:34+00:00\",\"description\":\"A nossa f\u00e1brica desenvolve e produz diversos tipos de cal\u00e7ado para homem e mulher, entre os quais se destacam: sapatos de vela, botas, mocassins e sneakers.\",\"breadcrumb\":{\"@id\":\"https:\\\/\\\/rudisfootwear.com\\\/pt\\\/produtos\\\/#breadcrumb\"},\"inLanguage\":\"pt-PT\",\"potentialAction\":[{\"@type\":\"ReadAction\",\"target\":[\"https:\\\/\\\/rudisfootwear.com\\\/pt\\\/produtos\\\/\"]}]},{\"@type\":\"BreadcrumbList\",\"@id\":\"https:\\\/\\\/rudisfootwear.com\\\/pt\\\/produtos\\\/#breadcrumb\",\"itemListElement\":[{\"@type\":\"ListItem\",\"position\":1,\"name\":\"Home\",\"item\":\"https:\\\/\\\/rudisfootwear.com\\\/pt\\\/\"},{\"@type\":\"ListItem\",\"position\":2,\"name\":\"Produtos\"}]},{\"@type\":\"WebSite\",\"@id\":\"https:\\\/\\\/rudisfootwear.com\\\/pt\\\/#website\",\"url\":\"https:\\\/\\\/rudisfootwear.com\\\/pt\\\/\",\"name\":\"Rudis - F\u00e1brica de Cal\u00e7ado Portuguesa\",\"description\":\"\",\"potentialAction\":[{\"@type\":\"SearchAction\",\"target\":{\"@type\":\"EntryPoint\",\"urlTemplate\":\"https:\\\/\\\/rudisfootwear.com\\\/pt\\\/?s={search_term_string}\"},\"query-input\":{\"@type\":\"PropertyValueSpecification\",\"valueRequired\":true,\"valueName\":\"search_term_string\"}}],\"inLanguage\":\"pt-PT\"}]}<\/script>\n<!-- \/ Yoast SEO Premium plugin. -->","yoast_head_json":{"title":"Produtos - Rudis - F\u00e1brica de Cal\u00e7ado Portuguesa","description":"A nossa f\u00e1brica desenvolve e produz diversos tipos de cal\u00e7ado para homem e mulher, entre os quais se destacam: sapatos de vela, botas, mocassins e sneakers.","robots":{"index":"index","follow":"follow","max-snippet":"max-snippet:-1","max-image-preview":"max-image-preview:large","max-video-preview":"max-video-preview:-1"},"canonical":"https:\/\/rudisfootwear.com\/pt\/produtos\/","og_locale":"pt_PT","og_type":"article","og_title":"Produtos","og_description":"A nossa f\u00e1brica desenvolve e produz diversos tipos de cal\u00e7ado para homem e mulher, entre os quais se destacam: sapatos de vela, botas, mocassins e sneakers.","og_url":"https:\/\/rudisfootwear.com\/pt\/produtos\/","og_site_name":"Rudis - F\u00e1brica de Cal\u00e7ado Portuguesa","article_modified_time":"2019-07-01T17:17:34+00:00","twitter_card":"summary_large_image","twitter_misc":{"Tempo estimado de leitura":"3 minutos"},"schema":{"@context":"https:\/\/schema.org","@graph":[{"@type":"WebPage","@id":"https:\/\/rudisfootwear.com\/pt\/produtos\/","url":"https:\/\/rudisfootwear.com\/pt\/produtos\/","name":"Produtos - Rudis - F\u00e1brica de Cal\u00e7ado Portuguesa","isPartOf":{"@id":"https:\/\/rudisfootwear.com\/pt\/#website"},"datePublished":"2019-01-24T18:02:57+00:00","dateModified":"2019-07-01T17:17:34+00:00","description":"A nossa f\u00e1brica desenvolve e produz diversos tipos de cal\u00e7ado para homem e mulher, entre os quais se destacam: sapatos de vela, botas, mocassins e sneakers.","breadcrumb":{"@id":"https:\/\/rudisfootwear.com\/pt\/produtos\/#breadcrumb"},"inLanguage":"pt-PT","potentialAction":[{"@type":"ReadAction","target":["https:\/\/rudisfootwear.com\/pt\/produtos\/"]}]},{"@type":"BreadcrumbList","@id":"https:\/\/rudisfootwear.com\/pt\/produtos\/#breadcrumb","itemListElement":[{"@type":"ListItem","position":1,"name":"Home","item":"https:\/\/rudisfootwear.com\/pt\/"},{"@type":"ListItem","position":2,"name":"Produtos"}]},{"@type":"WebSite","@id":"https:\/\/rudisfootwear.com\/pt\/#website","url":"https:\/\/rudisfootwear.com\/pt\/","name":"Rudis - F\u00e1brica de Cal\u00e7ado Portuguesa","description":"","potentialAction":[{"@type":"SearchAction","target":{"@type":"EntryPoint","urlTemplate":"https:\/\/rudisfootwear.com\/pt\/?s={search_term_string}"},"query-input":{"@type":"PropertyValueSpecification","valueRequired":true,"valueName":"search_term_string"}}],"inLanguage":"pt-PT"}]}},"_links":{"self":[{"href":"https:\/\/rudisfootwear.com\/pt\/wp-json\/wp\/v2\/pages\/3193","targetHints":{"allow":["GET"]}}],"collection":[{"href":"https:\/\/rudisfootwear.com\/pt\/wp-json\/wp\/v2\/pages"}],"about":[{"href":"https:\/\/rudisfootwear.com\/pt\/wp-json\/wp\/v2\/types\/page"}],"author":[{"embeddable":true,"href":"https:\/\/rudisfootwear.com\/pt\/wp-json\/wp\/v2\/users\/1"}],"replies":[{"embeddable":true,"href":"https:\/\/rudisfootwear.com\/pt\/wp-json\/wp\/v2\/comments?post=3193"}],"version-history":[{"count":17,"href":"https:\/\/rudisfootwear.com\/pt\/wp-json\/wp\/v2\/pages\/3193\/revisions"}],"predecessor-version":[{"id":8522,"href":"https:\/\/rudisfootwear.com\/pt\/wp-json\/wp\/v2\/pages\/3193\/revisions\/8522"}],"wp:attachment":[{"href":"https:\/\/rudisfootwear.com\/pt\/wp-json\/wp\/v2\/media?parent=3193"}],"curies":[{"name":"wp","href":"https:\/\/api.w.org\/{rel}","templated":true}]}}