{"id":3191,"date":"2019-01-24T18:00:59","date_gmt":"2019-01-24T18:00:59","guid":{"rendered":"https:\/\/rudisfootwear.com\/servicos\/"},"modified":"2019-03-31T23:33:45","modified_gmt":"2019-03-31T23:33:45","slug":"servicos","status":"publish","type":"page","link":"https:\/\/rudisfootwear.com\/pt\/servicos\/","title":{"rendered":"Servi\u00e7os"},"content":{"rendered":"<section class=\"wpb-content-wrapper\">[vc_row thb_full_width=&#8221;true&#8221; thb_row_padding=&#8221;true&#8221; thb_column_padding=&#8221;true&#8221; full_height=&#8221;yes&#8221; content_placement=&#8221;middle&#8221; thb_scroll_bottom=&#8221;true&#8221; thb_scroll_bottom_style=&#8221;style3&#8243; thb_scroll_bottom_color=&#8221;light&#8221; css=&#8221;.vc_custom_1539600503183{padding-top: 20px !important;padding-right: 20px !important;padding-bottom: 20px !important;padding-left: 20px !important;background-position: center !important;background-repeat: no-repeat !important;background-size: cover !important;}&#8221; el_class=&#8221;services-main-row&#8221;][vc_column][vc_row_inner content_placement=&#8221;middle&#8221; el_class=&#8221;services-main-subblock-1&#8243;][vc_column_inner thb_color=&#8221;thb-light-column&#8221; el_class=&#8221;services-main-column-1&#8243;]\t<div id=\"thb-slidetype-6a07dbecdadeb\" class=\"thb-slidetype services-main-slogan\" data-style=\"style1\">\n\t\t\n<h1><span class=\"thb-slidetype-entry\"><span class=\"lines\">Somos orientados ao processo para antecipar um resultado final de excel\u00eancia<\/span><\/span><\/h1>\n\t\t\t<\/div>\n\n\t\t<div id=\"thb-slidetype-6a07dbecdae79\" class=\"thb-slidetype services-main-description\" data-style=\"style1\">\n\t\t\n<h5><span class=\"thb-slidetype-entry\"><span class=\"lines\">O \u00edmpeto de mudan\u00e7a na ind\u00fastria da moda aumentou recentemente e deve continuar no futuro, tornando-se importante para todos n\u00f3s manter o ritmo e posicionar estrategicamente os nossos modelos de neg\u00f3cios para um sucesso cont\u00ednuo.<\/span><\/span><span class=\"thb-slidetype-entry\"><span class=\"lines\">Somos capazes de desenvolver qualquer novo produto a partir das v\u00e1rias constru\u00e7\u00f5es dispon\u00edveis com os melhores padr\u00f5es de qualidade. Confira os 2 tipos de servi\u00e7o que oferecemos na Rudis:<\/span><\/span><\/h5>\n\t\t\t<\/div>\n\n\t[\/vc_column_inner][\/vc_row_inner][vc_row_inner el_class=&#8221;services-main-subblock-2&#8243;][vc_column_inner el_class=&#8221;services-main-column-2&#8243;]\t<a id=\"thb-button-6a07dbecdaf1a\" class=\"btn style1 small  gradient small-radius animation bottom-to-top services-main-read-button  \" href=\"#servicos\" target=\"_self\" role=\"button\">\n\t\t<span>LER MAIS<\/span>\n\t\t\t<\/a>\n\t\t\t<style>\n\n\t\t\t\t\t\t\t\t\/* Style1 *\/\n\t\t\t\t#thb-button-6a07dbecdaf1a.style1 {\n\t\t\t\t\tbackground:rgba(255,255,255,0.1);background:linear-gradient( -135deg,rgba(255,255,255,0.1),rgba(255,255,255,0.1) );\t\t\t\t}\n\t\t\t\t#thb-button-6a07dbecdaf1a.style1:after {\n\t\t\t\t\tbackground: rgba(255,255,255,0.1);\n\t\t\t\t}\n\t\t\t\t\t\t\t\t\t\t\t\t\t\t\t\t<\/style>\n\t\t[\/vc_column_inner][\/vc_row_inner][\/vc_column][\/vc_row][vc_row el_class=&#8221;services-services-row&#8221; el_id=&#8221;servicos&#8221;][vc_column el_class=&#8221;services-services-column&#8221;][vc_tta_tabs active_section=&#8221;1&#8243; el_class=&#8221;services-tabs-row&#8221;][vc_tta_section title=&#8221;Cadeia de Produ\u00e7\u00e3o Completa&#8221; tab_id=&#8221;cadeia-de-producao-completa&#8221; el_class=&#8221;services-full-row&#8221;][vc_row_inner el_class=&#8221;services-full-sourcing-row&#8221;][vc_column_inner el_class=&#8221;services-full-column-1&#8243; width=&#8221;1\/2&#8243;]\t<div id=\"thb-slidetype-6a07dbecdafa2\" class=\"thb-slidetype services-full-sourcing-title\" data-style=\"style1\">\n\t\t\n<h2>Pesquisa de Materiais<\/h2>\n\t\t\t<\/div>\n\n\t[\/vc_column_inner][vc_column_inner el_class=&#8221;services-full-column-2&#8243; width=&#8221;1\/2&#8243;][vc_column_text el_class=&#8221;services-full-sourcing-text&#8221;]<img decoding=\"async\" class=\"services-full-image lazyload\" src=\"data:image\/gif;base64,R0lGODlhAQABAAAAACH5BAEKAAEALAAAAAABAAEAAAICTAEAOw==\" data-src=\"https:\/\/res.cloudinary.com\/rudisfootwear\/image\/upload\/v1539079890\/Rudis\/Services\/Material_Sourcing.jpg\" alt=\"Material Sourcing\" \/>A pesquisa de material foi sempre uma das condi\u00e7\u00f5es mais importantes para se obter o produto certo. A nossa empresa considera que \u00e9 absolutamente importante selecionar os nossos parceiros de forma cuidadosa, uma vez que a consci\u00eancia sobre onde os produtos s\u00e3o feitos e que tipo de materiais s\u00e3o utilizados est\u00e1 a crescer ultimamente.<\/p>\n<p>Assim, a Rudis possui uma rede de abastecimento nacional e internacional de materiais e componentes de cal\u00e7ados de qualidade.<\/p>\n<p>Os nossos experientes especialistas em pele e produ\u00e7\u00e3o selecionam minuciosamente que material usar para desenvolver um bom par de sapatos e, finalmente, atender \u00e0s expectativas do cliente.[\/vc_column_text][\/vc_column_inner][\/vc_row_inner][vc_row_inner el_class=&#8221;services-full-development-row&#8221;][vc_column_inner el_class=&#8221;services-full-column-1&#8243; width=&#8221;1\/2&#8243;]\t<div id=\"thb-slidetype-6a07dbecdb131\" class=\"thb-slidetype services-full-development-title\" data-style=\"style1\">\n\t\t\n<h2>Desenvolvimento<\/h2>\n\t\t\t<\/div>\n\n\t[\/vc_column_inner][vc_column_inner el_class=&#8221;services-full-column-2&#8243; width=&#8221;1\/2&#8243;][vc_column_text el_class=&#8221;services-full-development-text&#8221;]<img decoding=\"async\" class=\"services-full-image lazyload\" src=\"data:image\/gif;base64,R0lGODlhAQABAAAAACH5BAEKAAEALAAAAAABAAEAAAICTAEAOw==\" data-src=\"https:\/\/res.cloudinary.com\/rudisfootwear\/image\/upload\/v1539079890\/Rudis\/Services\/Development.jpg\" alt=\"Development\" \/>Traduzir esbo\u00e7os, desenhos e renderiza\u00e7\u00f5es em produtos reais requer uma tomada de decis\u00e3o rigorosa.<\/p>\n<p>Essa transi\u00e7\u00e3o precisa ser eficaz, com \u00eanfase no desenvolvimento de produtos de qualidade e na conclus\u00e3o oportuna de todas as tarefas, de acordo com o calend\u00e1rio operacional aplic\u00e1vel.<\/p>\n<p>A nossa equipa discutir\u00e1 os detalhes est\u00e9ticos, conduzir\u00e1 a gest\u00e3o dos componentes, processos e materiais para a capacidade de fabrico e far\u00e1 testes de pr\u00e9-produ\u00e7\u00e3o em todos os componentes para garantir que a seguran\u00e7a funcional seja alcan\u00e7ada e que o ajuste esteja correto.<\/p>\n<p>Finalmente, quando acreditamos que o produto atende aos nossos padr\u00f5es de qualidade e atende melhor \u00e0s suas necessidades, enviaremos uma amostra para aprova\u00e7\u00e3o.[\/vc_column_text][\/vc_column_inner][\/vc_row_inner][vc_row_inner el_class=&#8221;services-full-planning-row&#8221;][vc_column_inner el_class=&#8221;services-full-column-1&#8243; width=&#8221;1\/2&#8243;]\t<div id=\"thb-slidetype-6a07dbecdb21f\" class=\"thb-slidetype services-full-planning-title\" data-style=\"style1\">\n\t\t\n<h2>Planeamento<\/h2>\n\t\t\t<\/div>\n\n\t[\/vc_column_inner][vc_column_inner el_class=&#8221;services-full-column-2&#8243; width=&#8221;1\/2&#8243;][vc_column_text el_class=&#8221;services-full-planning-text&#8221;]<img decoding=\"async\" class=\"services-full-image lazyload\" src=\"data:image\/gif;base64,R0lGODlhAQABAAAAACH5BAEKAAEALAAAAAABAAEAAAICTAEAOw==\" data-src=\"https:\/\/res.cloudinary.com\/rudisfootwear\/image\/upload\/v1539080916\/Rudis\/Services\/Planning.jpg\" alt=\"Planning\" \/>O planeamento e o agendamento devem ajudar a obter um controlo mais profundo do que deve ser produzido, a fim de satisfazer eficientemente as necessidades do cliente, de modo a manter o tempo total de processamento no m\u00ednimo.<\/p>\n<p>Na ind\u00fastria do cal\u00e7ado, isso \u00e9 ainda mais importante, j\u00e1 que as escolhas dos clientes podem mudar muito rapidamente de acordo com as tend\u00eancias na moda.<\/p>\n<p>Faremos a gest\u00e3o e manuten\u00e7\u00e3o dos nossos sistemas operacionais dentro dos prazos e com um alto padr\u00e3o de precis\u00e3o e flexibilidade, atribuindo a cada encomenda uma prioridade, tendo em considera\u00e7\u00e3o a sua complexidade ou urg\u00eancia.[\/vc_column_text][\/vc_column_inner][\/vc_row_inner][vc_row_inner el_class=&#8221;services-full-production-row&#8221;][vc_column_inner el_class=&#8221;services-full-column-1&#8243; width=&#8221;1\/2&#8243;]\t<div id=\"thb-slidetype-6a07dbecdb434\" class=\"thb-slidetype services-full-production-title\" data-style=\"style1\">\n\t\t\n<h2>Produ\u00e7\u00e3o<\/h2>\n\t\t\t<\/div>\n\n\t[\/vc_column_inner][vc_column_inner el_class=&#8221;services-full-column-2&#8243; width=&#8221;1\/2&#8243;][vc_column_text el_class=&#8221;services-full-production-text&#8221;]<img decoding=\"async\" class=\"services-full-image lazyload\" src=\"data:image\/gif;base64,R0lGODlhAQABAAAAACH5BAEKAAEALAAAAAABAAEAAAICTAEAOw==\" data-src=\"https:\/\/res.cloudinary.com\/rudisfootwear\/image\/upload\/v1539079891\/Rudis\/Services\/Production.jpg\" alt=\"Production\" \/>A produ\u00e7\u00e3o \u00e9 uma fase crucial de todo o ciclo de vida do produto. Sendo criadores apaixonados, nunca enviaremos um produto caso n\u00e3o o consideremos feito de forma perfeita para atender \u00e0 procura atual do mercado, aliando a exclusividade como um valor acrescentado.<\/p>\n<p>A nossa f\u00e1brica \u00e9 dividida em departamentos de modela\u00e7\u00e3o, corte, costura, formeiro, montagem, acabamento e embalamento. O nosso cal\u00e7ado \u00e9 fabricado atrav\u00e9s de um processo altamente complexo e extenso, que inclui muitas tarefas manuais e no qual as m\u00e1quinas s\u00e3o sempre usadas como complemento ao trabalho artesanal especializado.<\/p>\n<p>Desenvolvemos os nossos sapatos atendendo aos diferentes tipos de constru\u00e7\u00e3o em que somos especializados, entre os quais:<\/p>\n<ul>\n<li>Montado Normal<\/li>\n<li>Montado com costura Blake<\/li>\n<li>Montado com costura lateral<\/li>\n<li>Montado com costura normal \u00e0 entre-sola<\/li>\n<li>Montado com costura Blake \u00e0 entre-sola<\/li>\n<li>Mocassim Normal<\/li>\n<li>Mocassim com costura Blake<\/li>\n<li>Mocassim com costura lateral<\/li>\n<li>Mocassim com costura normal \u00e0 entre-sola<\/li>\n<li>Mocassim com costura Blake \u00e0 entre-sola<\/li>\n<li>Strobel<\/li>\n<\/ul>\n<p>Os nossos funcion\u00e1rios s\u00e3o pessoalmente inclu\u00eddos durante o processo de fabrico para certificar que tudo \u00e9 feito com precis\u00e3o e avaliar proativamente o cal\u00e7ado em todas as etapas.<\/p>\n<p>Cuidamos de todos os aspectos para garantir que a produ\u00e7\u00e3o flua com naturalidade desde o desenvolvimento e produ\u00e7\u00e3o at\u00e9 \u00e0 inspe\u00e7\u00e3o em linha e envio, possibilitando a melhor velocidade poss\u00edvel para o mercado, redu\u00e7\u00e3o de devolu\u00e7\u00f5es, melhoria da qualidade e aumento da fidelidade e satisfa\u00e7\u00e3o do cliente.[\/vc_column_text][\/vc_column_inner][\/vc_row_inner][\/vc_tta_section][vc_tta_section title=&#8221;Atelier Criativo&#8221; tab_id=&#8221;atelier-criativo&#8221; el_class=&#8221;services-atelier-row&#8221;][vc_row_inner el_class=&#8221;services-atelier-atelier-row&#8221;][vc_column_inner el_class=&#8221;services-atelier-column-1&#8243; width=&#8221;1\/2&#8243;]\t<div id=\"thb-slidetype-6a07dbecdb4ec\" class=\"thb-slidetype services-atelier-atelier-title\" data-style=\"style1\">\n\t\t\n<h2>Atelier Criativo<\/h2>\n\t\t\t<\/div>\n\n\t[\/vc_column_inner][vc_column_inner el_class=&#8221;services-atelier-column-2&#8243; width=&#8221;1\/2&#8243;][vc_column_text el_class=&#8221;services-atelier-atelier-text&#8221;]<img decoding=\"async\" class=\"services-atelier-image lazyload\" src=\"data:image\/gif;base64,R0lGODlhAQABAAAAACH5BAEKAAEALAAAAAABAAEAAAICTAEAOw==\" data-src=\"https:\/\/res.cloudinary.com\/rudisfootwear\/image\/upload\/v1539079890\/Rudis\/Services\/Material_Sourcing.jpg\" alt=\"Material Sourcing\" \/>A Rudis tamb\u00e9m oferece um servi\u00e7o de <em>outsourcing<\/em> focado exclusivamente no desenvolvimento de modelos, desde o seu conceito at\u00e9 \u00e0 realiza\u00e7\u00e3o de amostras.<\/p>\n<p>O nosso conhecimento total do processo de desenvolvimento com base na an\u00e1lise completa das informa\u00e7\u00f5es de mercado obtidas atrav\u00e9s dos consumidores, clientes e tend\u00eancias, facilita a aquisi\u00e7\u00e3o de aplica\u00e7\u00f5es, t\u00e9cnicas e ideias que ir\u00e3o inovar o seu produto.[\/vc_column_text][\/vc_column_inner][\/vc_row_inner][\/vc_tta_section][\/vc_tta_tabs][\/vc_column][\/vc_row]\n<\/section>","protected":false},"excerpt":{"rendered":"<p>[vc_row thb_full_width=&#8221;true&#8221; thb_row_padding=&#8221;true&#8221; thb_column_padding=&#8221;true&#8221; full_height=&#8221;yes&#8221; content_placement=&#8221;middle&#8221; thb_scroll_bottom=&#8221;true&#8221; thb_scroll_bottom_style=&#8221;style3&#8243; thb_scroll_bottom_color=&#8221;light&#8221; css=&#8221;.vc_custom_1539600503183{padding-top: 20px !important;padding-right: 20px !important;padding-bottom: 20px !important;padding-left: 20px !important;background-position: center !important;background-repeat: no-repeat !important;background-size: cover !important;}&#8221; el_class=&#8221;services-main-row&#8221;][vc_column][vc_row_inner content_placement=&#8221;middle&#8221; el_class=&#8221;services-main-subblock-1&#8243;][vc_column_inner thb_color=&#8221;thb-light-column&#8221; el_class=&#8221;services-main-column-1&#8243;][\/vc_column_inner][\/vc_row_inner][vc_row_inner el_class=&#8221;services-main-subblock-2&#8243;][vc_column_inner el_class=&#8221;services-main-column-2&#8243;][\/vc_column_inner][\/vc_row_inner][\/vc_column][\/vc_row][vc_row el_class=&#8221;services-services-row&#8221; el_id=&#8221;servicos&#8221;][vc_column el_class=&#8221;services-services-column&#8221;][vc_tta_tabs active_section=&#8221;1&#8243; el_class=&#8221;services-tabs-row&#8221;][vc_tta_section title=&#8221;Cadeia de Produ\u00e7\u00e3o Completa&#8221; tab_id=&#8221;cadeia-de-producao-completa&#8221; el_class=&#8221;services-full-row&#8221;][vc_row_inner el_class=&#8221;services-full-sourcing-row&#8221;][vc_column_inner el_class=&#8221;services-full-column-1&#8243; width=&#8221;1\/2&#8243;][\/vc_column_inner][vc_column_inner el_class=&#8221;services-full-column-2&#8243; width=&#8221;1\/2&#8243;][vc_column_text el_class=&#8221;services-full-sourcing-text&#8221;]A pesquisa de material foi sempre uma das&hellip;<\/p>\n","protected":false},"author":1,"featured_media":0,"parent":0,"menu_order":0,"comment_status":"closed","ping_status":"closed","template":"","meta":{"footnotes":""},"class_list":["post-3191","page","type-page","status-publish","hentry"],"yoast_head":"<!-- This site is optimized with the Yoast SEO Premium plugin v26.2 (Yoast SEO v27.6) - https:\/\/yoast.com\/product\/yoast-seo-premium-wordpress\/ -->\n<title>Servi\u00e7os - Rudis - F\u00e1brica de Cal\u00e7ado Portuguesa<\/title>\n<meta name=\"description\" content=\"A nossa f\u00e1brica oferece servi\u00e7os de desenvolvimento e produ\u00e7\u00e3o de cal\u00e7ado com os melhores padr\u00f5es de qualidade. Leia mais sobre o nosso know-how.\" \/>\n<meta name=\"robots\" content=\"index, follow, max-snippet:-1, max-image-preview:large, max-video-preview:-1\" \/>\n<link rel=\"canonical\" href=\"https:\/\/rudisfootwear.com\/pt\/servicos\/\" \/>\n<meta property=\"og:locale\" content=\"pt_PT\" \/>\n<meta property=\"og:type\" content=\"article\" \/>\n<meta property=\"og:title\" content=\"Servi\u00e7os\" \/>\n<meta property=\"og:description\" content=\"A nossa f\u00e1brica oferece servi\u00e7os de desenvolvimento e produ\u00e7\u00e3o de cal\u00e7ado com os melhores padr\u00f5es de qualidade. Leia mais sobre o nosso know-how.\" \/>\n<meta property=\"og:url\" content=\"https:\/\/rudisfootwear.com\/pt\/servicos\/\" \/>\n<meta property=\"og:site_name\" content=\"Rudis - F\u00e1brica de Cal\u00e7ado Portuguesa\" \/>\n<meta property=\"article:modified_time\" content=\"2019-03-31T23:33:45+00:00\" \/>\n<meta property=\"og:image\" content=\"https:\/\/res.cloudinary.com\/rudisfootwear\/image\/upload\/v1539079890\/Rudis\/Services\/Material_Sourcing.jpg\" \/>\n<meta name=\"twitter:card\" content=\"summary_large_image\" \/>\n<meta name=\"twitter:label1\" content=\"Tempo estimado de leitura\" \/>\n\t<meta name=\"twitter:data1\" content=\"6 minutos\" \/>\n<script type=\"application\/ld+json\" class=\"yoast-schema-graph\">{\"@context\":\"https:\\\/\\\/schema.org\",\"@graph\":[{\"@type\":\"WebPage\",\"@id\":\"https:\\\/\\\/rudisfootwear.com\\\/pt\\\/servicos\\\/\",\"url\":\"https:\\\/\\\/rudisfootwear.com\\\/pt\\\/servicos\\\/\",\"name\":\"Servi\u00e7os - Rudis - F\u00e1brica de Cal\u00e7ado Portuguesa\",\"isPartOf\":{\"@id\":\"https:\\\/\\\/rudisfootwear.com\\\/pt\\\/#website\"},\"primaryImageOfPage\":{\"@id\":\"https:\\\/\\\/rudisfootwear.com\\\/pt\\\/servicos\\\/#primaryimage\"},\"image\":{\"@id\":\"https:\\\/\\\/rudisfootwear.com\\\/pt\\\/servicos\\\/#primaryimage\"},\"thumbnailUrl\":\"https:\\\/\\\/res.cloudinary.com\\\/rudisfootwear\\\/image\\\/upload\\\/v1539079890\\\/Rudis\\\/Services\\\/Material_Sourcing.jpg\",\"datePublished\":\"2019-01-24T18:00:59+00:00\",\"dateModified\":\"2019-03-31T23:33:45+00:00\",\"description\":\"A nossa f\u00e1brica oferece servi\u00e7os de desenvolvimento e produ\u00e7\u00e3o de cal\u00e7ado com os melhores padr\u00f5es de qualidade. Leia mais sobre o nosso know-how.\",\"breadcrumb\":{\"@id\":\"https:\\\/\\\/rudisfootwear.com\\\/pt\\\/servicos\\\/#breadcrumb\"},\"inLanguage\":\"pt-PT\",\"potentialAction\":[{\"@type\":\"ReadAction\",\"target\":[\"https:\\\/\\\/rudisfootwear.com\\\/pt\\\/servicos\\\/\"]}]},{\"@type\":\"ImageObject\",\"inLanguage\":\"pt-PT\",\"@id\":\"https:\\\/\\\/rudisfootwear.com\\\/pt\\\/servicos\\\/#primaryimage\",\"url\":\"https:\\\/\\\/res.cloudinary.com\\\/rudisfootwear\\\/image\\\/upload\\\/v1539079890\\\/Rudis\\\/Services\\\/Material_Sourcing.jpg\",\"contentUrl\":\"https:\\\/\\\/res.cloudinary.com\\\/rudisfootwear\\\/image\\\/upload\\\/v1539079890\\\/Rudis\\\/Services\\\/Material_Sourcing.jpg\"},{\"@type\":\"BreadcrumbList\",\"@id\":\"https:\\\/\\\/rudisfootwear.com\\\/pt\\\/servicos\\\/#breadcrumb\",\"itemListElement\":[{\"@type\":\"ListItem\",\"position\":1,\"name\":\"Home\",\"item\":\"https:\\\/\\\/rudisfootwear.com\\\/pt\\\/\"},{\"@type\":\"ListItem\",\"position\":2,\"name\":\"Servi\u00e7os\"}]},{\"@type\":\"WebSite\",\"@id\":\"https:\\\/\\\/rudisfootwear.com\\\/pt\\\/#website\",\"url\":\"https:\\\/\\\/rudisfootwear.com\\\/pt\\\/\",\"name\":\"Rudis - F\u00e1brica de Cal\u00e7ado Portuguesa\",\"description\":\"\",\"potentialAction\":[{\"@type\":\"SearchAction\",\"target\":{\"@type\":\"EntryPoint\",\"urlTemplate\":\"https:\\\/\\\/rudisfootwear.com\\\/pt\\\/?s={search_term_string}\"},\"query-input\":{\"@type\":\"PropertyValueSpecification\",\"valueRequired\":true,\"valueName\":\"search_term_string\"}}],\"inLanguage\":\"pt-PT\"}]}<\/script>\n<!-- \/ Yoast SEO Premium plugin. -->","yoast_head_json":{"title":"Servi\u00e7os - Rudis - F\u00e1brica de Cal\u00e7ado Portuguesa","description":"A nossa f\u00e1brica oferece servi\u00e7os de desenvolvimento e produ\u00e7\u00e3o de cal\u00e7ado com os melhores padr\u00f5es de qualidade. Leia mais sobre o nosso know-how.","robots":{"index":"index","follow":"follow","max-snippet":"max-snippet:-1","max-image-preview":"max-image-preview:large","max-video-preview":"max-video-preview:-1"},"canonical":"https:\/\/rudisfootwear.com\/pt\/servicos\/","og_locale":"pt_PT","og_type":"article","og_title":"Servi\u00e7os","og_description":"A nossa f\u00e1brica oferece servi\u00e7os de desenvolvimento e produ\u00e7\u00e3o de cal\u00e7ado com os melhores padr\u00f5es de qualidade. Leia mais sobre o nosso know-how.","og_url":"https:\/\/rudisfootwear.com\/pt\/servicos\/","og_site_name":"Rudis - F\u00e1brica de Cal\u00e7ado Portuguesa","article_modified_time":"2019-03-31T23:33:45+00:00","og_image":[{"url":"https:\/\/res.cloudinary.com\/rudisfootwear\/image\/upload\/v1539079890\/Rudis\/Services\/Material_Sourcing.jpg","type":"","width":"","height":""}],"twitter_card":"summary_large_image","twitter_misc":{"Tempo estimado de leitura":"6 minutos"},"schema":{"@context":"https:\/\/schema.org","@graph":[{"@type":"WebPage","@id":"https:\/\/rudisfootwear.com\/pt\/servicos\/","url":"https:\/\/rudisfootwear.com\/pt\/servicos\/","name":"Servi\u00e7os - Rudis - F\u00e1brica de Cal\u00e7ado Portuguesa","isPartOf":{"@id":"https:\/\/rudisfootwear.com\/pt\/#website"},"primaryImageOfPage":{"@id":"https:\/\/rudisfootwear.com\/pt\/servicos\/#primaryimage"},"image":{"@id":"https:\/\/rudisfootwear.com\/pt\/servicos\/#primaryimage"},"thumbnailUrl":"https:\/\/res.cloudinary.com\/rudisfootwear\/image\/upload\/v1539079890\/Rudis\/Services\/Material_Sourcing.jpg","datePublished":"2019-01-24T18:00:59+00:00","dateModified":"2019-03-31T23:33:45+00:00","description":"A nossa f\u00e1brica oferece servi\u00e7os de desenvolvimento e produ\u00e7\u00e3o de cal\u00e7ado com os melhores padr\u00f5es de qualidade. Leia mais sobre o nosso know-how.","breadcrumb":{"@id":"https:\/\/rudisfootwear.com\/pt\/servicos\/#breadcrumb"},"inLanguage":"pt-PT","potentialAction":[{"@type":"ReadAction","target":["https:\/\/rudisfootwear.com\/pt\/servicos\/"]}]},{"@type":"ImageObject","inLanguage":"pt-PT","@id":"https:\/\/rudisfootwear.com\/pt\/servicos\/#primaryimage","url":"https:\/\/res.cloudinary.com\/rudisfootwear\/image\/upload\/v1539079890\/Rudis\/Services\/Material_Sourcing.jpg","contentUrl":"https:\/\/res.cloudinary.com\/rudisfootwear\/image\/upload\/v1539079890\/Rudis\/Services\/Material_Sourcing.jpg"},{"@type":"BreadcrumbList","@id":"https:\/\/rudisfootwear.com\/pt\/servicos\/#breadcrumb","itemListElement":[{"@type":"ListItem","position":1,"name":"Home","item":"https:\/\/rudisfootwear.com\/pt\/"},{"@type":"ListItem","position":2,"name":"Servi\u00e7os"}]},{"@type":"WebSite","@id":"https:\/\/rudisfootwear.com\/pt\/#website","url":"https:\/\/rudisfootwear.com\/pt\/","name":"Rudis - F\u00e1brica de Cal\u00e7ado Portuguesa","description":"","potentialAction":[{"@type":"SearchAction","target":{"@type":"EntryPoint","urlTemplate":"https:\/\/rudisfootwear.com\/pt\/?s={search_term_string}"},"query-input":{"@type":"PropertyValueSpecification","valueRequired":true,"valueName":"search_term_string"}}],"inLanguage":"pt-PT"}]}},"_links":{"self":[{"href":"https:\/\/rudisfootwear.com\/pt\/wp-json\/wp\/v2\/pages\/3191","targetHints":{"allow":["GET"]}}],"collection":[{"href":"https:\/\/rudisfootwear.com\/pt\/wp-json\/wp\/v2\/pages"}],"about":[{"href":"https:\/\/rudisfootwear.com\/pt\/wp-json\/wp\/v2\/types\/page"}],"author":[{"embeddable":true,"href":"https:\/\/rudisfootwear.com\/pt\/wp-json\/wp\/v2\/users\/1"}],"replies":[{"embeddable":true,"href":"https:\/\/rudisfootwear.com\/pt\/wp-json\/wp\/v2\/comments?post=3191"}],"version-history":[{"count":16,"href":"https:\/\/rudisfootwear.com\/pt\/wp-json\/wp\/v2\/pages\/3191\/revisions"}],"predecessor-version":[{"id":3308,"href":"https:\/\/rudisfootwear.com\/pt\/wp-json\/wp\/v2\/pages\/3191\/revisions\/3308"}],"wp:attachment":[{"href":"https:\/\/rudisfootwear.com\/pt\/wp-json\/wp\/v2\/media?parent=3191"}],"curies":[{"name":"wp","href":"https:\/\/api.w.org\/{rel}","templated":true}]}}